{"id":3539,"date":"2024-07-03T06:54:34","date_gmt":"2024-07-03T06:54:34","guid":{"rendered":"https:\/\/adwhtch.shop\/?post_type=product&#038;p=3539"},"modified":"2025-10-22T21:02:32","modified_gmt":"2025-10-22T13:02:32","slug":"rolex-daytona-ice-blue-dial-with-baguette-diamonds-new-2024-super-clone-swiss-replica-watch-ref-126506-4131-swiss-movement","status":"publish","type":"product","link":"https:\/\/rolexcopy.shop\/pt\/produto\/rolex-daytona-ice-blue-dial-with-baguette-diamonds-new-2024-super-clone-swiss-replica-watch-ref-126506-4131-swiss-movement\/","title":{"rendered":"Rolex Daytona mostrador azul gelo com diamantes baguete Novo 2024 Super Clone Rel\u00f3gio de r\u00e9plica su\u00ed\u00e7o | Ref 126506 | 4131 Movimento su\u00ed\u00e7o"},"content":{"rendered":"<h5 class=\"uppercase mt\"><span style=\"vertical-align: inherit;\"><span style=\"vertical-align: inherit;\">\u63cf\u8ff0<\/span><\/span><\/h5>\n<table class=\"product-specs\" style=\"width: 100%;\" border=\"2px\">\n<tbody>\n<tr>\n<th style=\"text-align: center;\" colspan=\"2\"><strong><span style=\"vertical-align: inherit;\"><span style=\"vertical-align: inherit;\">\u8bf7\u6ce8\u610f\uff1a\u8fd9\u662f\u6700\u9ad8\u54c1\u8d28\u7684\u745e\u58eb\u590d\u5236\u54c1\uff0c\u5177\u6709\u201c\u7cbe\u786e\u7684 1:1 \u53e3\u5f84\u8d85\u7ea7\u514b\u9686\u673a\u82af\u201d\uff0c\u5e76\u4e14\u5177\u6709\u201c\u6240\u6709\u5de5\u4f5c\u529f\u80fd\u201d\uff0c\u4e0e\u6b63\u54c1\u76f8\u540c\u3002\u4e16\u754c\u4e0a\u6ca1\u6709\u6bd4\u8fd9\u66f4\u597d\u7684\u8d28\u91cf\u4e86\u2014\u2014\u8bf7\u653e\u5fc3\u3002\u8c22\u8c22\u3002<\/span><\/span><\/strong><\/th>\n<\/tr>\n<tr>\n<th style=\"text-align: center;\" colspan=\"2\"><span style=\"vertical-align: inherit;\"><span style=\"vertical-align: inherit;\">\u201c\u4ee5\u4e0a\u6240\u6709\u4ea7\u54c1\u7167\u7247\u5747\u4e3a\u6211\u4eec\u62cd\u6444\u7684\u624b\u8868\u5b9e\u7269\u7167\u7247\u201d<\/span><\/span><\/th>\n<\/tr>\n<tr>\n<td style=\"padding-right: 3px; padding-left: 3px;\" valign=\"top\"><strong><span style=\"vertical-align: inherit;\"><span style=\"vertical-align: inherit;\">\u53c3\u8003\u865f<\/span><\/span><\/strong><\/td>\n<td valign=\"top\"><span style=\"vertical-align: inherit;\"><span style=\"vertical-align: inherit;\">126506<\/span><\/span><\/td>\n<\/tr>\n<tr>\n<td style=\"white-space: nowrap; padding-right: 3px; padding-left: 3px;\" valign=\"top\"><strong><span style=\"vertical-align: inherit;\"><span style=\"vertical-align: inherit;\">\u79fb\u52a8<\/span><\/span><\/strong><\/td>\n<td valign=\"top\"><span style=\"vertical-align: inherit;\"><span style=\"vertical-align: inherit;\">&#8211; \u7cbe\u786e 1\uff1a1 \u52b3\u529b\u58eb Calibre 4131 \u8ba1\u65f6\u7801\u8868\u8d85\u7ea7\u514b\u9686\u81ea\u52a8\u745e\u58eb\u673a\u82af<\/span><\/span><br \/>\n<span style=\"vertical-align: inherit;\"><span style=\"vertical-align: inherit;\">&#8211; \u6240\u6709 3 \u4e2a\u5de5\u4f5c\u8ba1\u65f6\u7801\u8868\u5747\u5177\u6709\u79d2\u8868\u529f\u80fd\uff0c\u4e0e\u539f\u88c5\u5b8c\u5168\u76f8\u540c<\/span><\/span><br \/>\n<span style=\"vertical-align: inherit;\"><span style=\"vertical-align: inherit;\">&#8211; \u6b63\u786e\u7684\u5e8f\u5217\u53f7\u548c\u76f8\u540c\u7684\u201cRolex Geneve\u201d\u3001\u201c4131\u201d\u7b49\uff0c\u6240\u6709\u5c0f\u578b\u673a\u82af\u96f6\u4ef6\u4e0a\u5747\u954c\u523b\u91d1\u8272\u6807\u8bb0<\/span><\/span><br \/>\n<span style=\"vertical-align: inherit;\"><span style=\"vertical-align: inherit;\">&#8211; \u4e0a\u5f26\uff1a\u901a\u8fc7\u6052\u52a8\u8f6c\u5b50\u53cc\u5411\u81ea\u52a8\u4e0a\u5f26<\/span><\/span><br \/>\n<span style=\"vertical-align: inherit;\"><span style=\"vertical-align: inherit;\">&#8211; \u6052\u52a8\uff0c\u673a\u68b0\u8ba1\u65f6\u7801\u8868\uff0c\u81ea\u52a8\u4e0a\u5f26<\/span><\/span><br \/>\n<span style=\"vertical-align: inherit;\"><span style=\"vertical-align: inherit;\">&#8211; \u632f\u8361\u5668\uff1a\u9632\u78c1\u84dd\u8272 Parachrom \u6e38\u4e1d\uff0c\u4e0e\u539f\u88c5\u5b8c\u5168\u76f8\u540c<\/span><\/span><br \/>\n<span style=\"vertical-align: inherit;\"><span style=\"vertical-align: inherit;\">&#8211; \u5e73\u6ed1\u7684\u626b\u79d2\u9488\u8fd0\u52a8\uff0c28.800 VPH\uff084Hz\uff09<\/span><\/span><br \/>\n<span style=\"vertical-align: inherit;\"><span style=\"vertical-align: inherit;\">&#8211; \u745e\u58eb\u7eb3\u7c73\u6cb9\u6da6\u6ed1\uff0c\u56e0\u6b64\u6211\u4eec\u7684\u673a\u82af\u4e0d\u4f1a\u50cf\u6240\u6709\u5176\u4ed6\u5ec9\u4ef7\u52b3\u529b\u58eb\u590d\u523b\u624b\u8868\u4e00\u6837\u4ece\u673a\u82af\u5185\u90e8\u53d1\u51fa\u201c\u560e\u560e\u58f0\u201d <\/span><\/span><br \/>\n<span style=\"vertical-align: inherit;\"><span style=\"vertical-align: inherit;\">&#8211; \u6240\u6709\u96f6\u4ef6\u5747\u53ef\u4e0e\u539f\u88c5\u4e92\u6362<\/span><\/span><\/td>\n<\/tr>\n<tr>\n<td style=\"white-space: nowrap; padding-right: 3px; padding-left: 3px;\" valign=\"top\"><strong><span style=\"vertical-align: inherit;\"><span style=\"vertical-align: inherit;\">\u529f\u80fd<\/span><\/span><\/strong><\/td>\n<td valign=\"top\"><span style=\"vertical-align: inherit;\"><span style=\"vertical-align: inherit;\">&#8211; 3 \u4e2a\u5927\u4e2d\u5fc3\u6307\u9488\uff1a\u5206\u522b\u4e3a\u65f6\u9488\u3001\u5206\u9488\u548c\u79d2\u9488<\/span><\/span><br \/>\n<span style=\"vertical-align: inherit;\"><span style=\"vertical-align: inherit;\">&#8211; 3 \u4e2a\u5c0f\u8ba1\u65f6\u6307\u9488\uff1a6 \u70b9\u949f\u4f4d\u7f6e\u8bbe\u6709\u8fd0\u884c\u79d2\u9488\uff0c3 \u70b9\u949f\u4f4d\u7f6e\u8bbe\u6709 30 \u5206\u949f\u8ba1\u6570\u5668\uff0c9 \u70b9\u949f\u4f4d\u7f6e\u8bbe\u6709 12 \u5c0f\u65f6\u8ba1\u6570\u5668<\/span><\/span><br \/>\n<span style=\"vertical-align: inherit;\"><span style=\"vertical-align: inherit;\">&#8211; \u79d2\u8868\u8ba1\u65f6\u529f\u80fd\u53ef\u901a\u8fc7\u53f3\u4fa7\u9876\u90e8\u548c\u5e95\u90e8\u6309\u94ae\u64cd\u4f5c<\/span><\/span><br \/>\n<span style=\"vertical-align: inherit;\"><span style=\"vertical-align: inherit;\">&#8211; \u505c\u79d2\u529f\u80fd\u53ef\u7cbe\u786e\u8bbe\u7f6e\u65f6\u95f4<\/span><\/span><\/td>\n<\/tr>\n<tr>\n<td style=\"white-space: nowrap; padding-right: 3px; padding-left: 3px;\" valign=\"top\"><strong><span style=\"vertical-align: inherit;\"><span style=\"vertical-align: inherit;\">\u6848\u4ef6<\/span><\/span><\/strong><\/td>\n<td valign=\"top\"><span style=\"vertical-align: inherit;\"><span style=\"vertical-align: inherit;\">&#8211; 40 \u6beb\u7c73 Oyster \u8868\u58f3<\/span><\/span><br \/>\n<span style=\"vertical-align: inherit;\"><span style=\"vertical-align: inherit;\">&#8211; \u575a\u56fa\u7684 904L \u4e0d\u9508\u94a2\u4e00\u4f53\u5f0f\u7ed3\u6784\u3002\u9540\u94c2\u91d1\u3002904 L \u7ea7\u94a2\u6750\u4e0e Rolex \u5728\u5176\u201cOystersteel\u201d\u4e0d\u9508\u94a2\u624b\u8868\u4e2d\u4f7f\u7528\u7684\u94a2\u6750\u76f8\u540c\uff0c\u5e76\u4e14\u5177\u6709\u9632\u9508\u529f\u80fd<\/span><\/span><br \/>\n<span style=\"vertical-align: inherit;\"><span style=\"vertical-align: inherit;\">&#8211; \u65cb\u5165\u5f0f\u8868\u80cc\u548c\u4e0a\u94fe\u8868\u51a0<\/span><\/span><br \/>\n<span style=\"vertical-align: inherit;\"><span style=\"vertical-align: inherit;\">&#8211; ROLEX ROLEX \u6fc0\u5149\u96d5\u523b\u5728 Rehaut \u73af\u4e0a\uff0c\u5e76\u6b63\u786e\u5bf9\u9f50<\/span><\/span><br \/>\n<span style=\"vertical-align: inherit;\"><span style=\"vertical-align: inherit;\">&#8211; \u5c3a\u5bf8\u548c\u91cd\u91cf\u4e0e\u539f\u88c5\u5b8c\u5168\u76f8\u540c 1:1<\/span><\/span><\/td>\n<\/tr>\n<tr>\n<td style=\"white-space: nowrap; padding-right: 3px; padding-left: 3px;\" valign=\"top\"><strong><span style=\"vertical-align: inherit;\"><span style=\"vertical-align: inherit;\">\u62e8\u53f7<\/span><\/span><\/strong><\/td>\n<td valign=\"top\"><span style=\"vertical-align: inherit;\"><span style=\"vertical-align: inherit;\">&#8211; \u51b0\u84dd\u8272\u8868\u76d8\u642d\u914d\u957f\u65b9\u5f62\u94bb\u77f3\u65f6\u6807<\/span><\/span><br \/>\n<span style=\"vertical-align: inherit;\"><span style=\"vertical-align: inherit;\">&#8211; \u7cbe\u786e 1:1 \u6b63\u786e\u5b57\u4f53\u5927\u5c0f\u548c\u9ad8\u5ea6\u6e05\u6670\u7684 Chromalight \u663e\u793a\u5c4f<\/span><\/span><\/td>\n<\/tr>\n<tr>\n<td style=\"white-space: nowrap; padding-right: 3px; padding-left: 3px;\" valign=\"top\"><strong><span style=\"vertical-align: inherit;\"><span style=\"vertical-align: inherit;\">\u8868\u5708<\/span><\/span><\/strong><\/td>\n<td valign=\"top\"><span style=\"vertical-align: inherit;\"><span style=\"vertical-align: inherit;\">&#8211; \u56fa\u5b9a\uff08\u4e0d\u79fb\u52a8\uff09\u3002\u6817\u68d5\u8272\u4e00\u4f53\u5f0f Cerachrom \u9676\u74f7\u8868\u5708\uff0c\u5e26\u6a21\u5236\u6d4b\u901f\u523b\u5ea6<\/span><\/span><\/td>\n<\/tr>\n<tr>\n<td style=\"white-space: nowrap; padding-right: 3px; padding-left: 3px;\" valign=\"top\"><strong><span style=\"vertical-align: inherit;\"><span style=\"vertical-align: inherit;\">\u624b\u956f<\/span><\/span><\/strong><\/td>\n<td valign=\"top\"><span style=\"vertical-align: inherit;\"><span style=\"vertical-align: inherit;\">&#8211; \u869d\u5f0f\u8bbe\u8ba1\uff0c\u6241\u5e73\u4e09\u4ef6\u5f0f\u94fe\u8282<\/span><\/span><br \/>\n<span style=\"vertical-align: inherit;\"><span style=\"vertical-align: inherit;\">&#8211; \u91c7\u7528\u9540\u94c2\u91d1\u7684 904L \u7ea7\u5b9e\u5fc3\u4e0d\u9508\u94a2\u5236\u6210<\/span><\/span><br \/>\n<span style=\"vertical-align: inherit;\"><span style=\"vertical-align: inherit;\">&#8211; \u5b9e\u5fc3\u87ba\u7eb9\u87ba\u4e1d\uff0c\u56e0\u6b64\u60a8\u53ea\u9700\u4f7f\u7528\u5c0f\u578b\u87ba\u4e1d\u5200\u5373\u53ef\u8f7b\u677e\u62c6\u5378\u8868\u94fe\u94fe\u8282<\/span><\/span><br \/>\n<span style=\"vertical-align: inherit;\"><span style=\"vertical-align: inherit;\">&#8211; \u6298\u53e0\u5f0f OysterLock \u5b89\u5168\u8868\u6263\uff0c\u914d\u6709 Easylink 5 \u6beb\u7c73\u8212\u9002\u5ef6\u957f\u7cfb\u7edf\uff0c\u4e0e\u539f\u88c5\u5b8c\u5168\u76f8\u540c<\/span><\/span><\/td>\n<\/tr>\n<tr>\n<td style=\"white-space: nowrap; padding-right: 3px; padding-left: 3px;\" valign=\"top\"><strong><span style=\"vertical-align: inherit;\"><span style=\"vertical-align: inherit;\">\u6c34\u6676<\/span><\/span><\/strong><\/td>\n<td valign=\"top\"><span style=\"vertical-align: inherit;\"><span style=\"vertical-align: inherit;\">&#8211; \u9632\u522e\u84dd\u5b9d\u77f3<\/span><\/span><br \/>\n<span style=\"vertical-align: inherit;\"><span style=\"vertical-align: inherit;\">&#8211; 6 \u70b9\u949f\u4f4d\u7f6e\u6fc0\u5149\u8680\u523b\u5c0f\u52b3\u529b\u58eb\u7687\u51a0\u6807\u5fd7<\/span><\/span><\/td>\n<\/tr>\n<tr>\n<td style=\"white-space: nowrap; padding-right: 3px; padding-left: 3px;\" valign=\"top\"><strong><span style=\"vertical-align: inherit;\"><span style=\"vertical-align: inherit;\">\u7cbe\u786e<\/span><\/span><\/strong><\/td>\n<td valign=\"top\"><span style=\"vertical-align: inherit;\"><span style=\"vertical-align: inherit;\">&#8211; (-3 \/ +3 \u79d2\/\u5929) <\/span><\/span><br \/>\n<span style=\"vertical-align: inherit;\"><span style=\"vertical-align: inherit;\">&#8211; \u5728 COSC \u8ba4\u8bc1\u9650\u5ea6\u5185<\/span><\/span><\/td>\n<\/tr>\n<tr>\n<td style=\"padding-right: 3px; padding-left: 3px;\" valign=\"top\"><strong><span style=\"vertical-align: inherit;\"><span style=\"vertical-align: inherit;\">\u52a8\u529b\u50a8\u5b58<\/span><\/span><\/strong><\/td>\n<td valign=\"top\"><span style=\"vertical-align: inherit;\"><span style=\"vertical-align: inherit;\">&#8211; \u7ea6 36 \u81f3 48 \u5c0f\u65f6<\/span><\/span><\/td>\n<\/tr>\n<tr>\n<td style=\"padding-right: 3px; padding-left: 3px;\" valign=\"top\"><strong><span style=\"vertical-align: inherit;\"><span style=\"vertical-align: inherit;\">\u9632\u6c34\u6027\u80fd<\/span><\/span><\/strong><\/td>\n<td valign=\"top\"><span style=\"vertical-align: inherit;\"><span style=\"vertical-align: inherit;\">&#8211; \u5de5\u5382\u91c7\u7528 O \u5f62\u73af\u6a61\u80f6\u57ab\u5708\u5bc6\u5c01\uff0c\u5e76\u7ecf\u8fc7\u5355\u72ec\u9632\u6c34\u6d4b\u8bd5<\/span><\/span><br \/>\n<span style=\"vertical-align: inherit;\"><span style=\"vertical-align: inherit;\">&#8211; \u4e09\u91cd\u9501\u4e00\u4f53\u5f0f\u5b9e\u5fc3\u65cb\u5165\u5f0f\u8868\u51a0\uff0c\u914d\u6709\u4e09\u91cd O \u5f62\u73af\u5408\u6210\u7845\u6a61\u80f6\u5bc6\u5c01\u57ab\u5708<\/span><\/span><\/td>\n<\/tr>\n<tr>\n<td style=\"white-space: nowrap; padding-right: 3px; padding-left: 3px;\" valign=\"top\"><strong><span style=\"vertical-align: inherit;\"><span style=\"vertical-align: inherit;\">\u4fdd\u4fee\u5355<\/span><\/span><\/strong><\/td>\n<td valign=\"top\"><span style=\"vertical-align: inherit;\"><span style=\"vertical-align: inherit;\">&#8211; \u6211\u4eec\u6240\u6709\u7684 Rolex Super Clone \u624b\u8868\u90fd\u4eab\u6709 2 \u5e74\u5168\u4fdd\u4fee<\/span><\/span><br \/>\n<span style=\"vertical-align: inherit;\"><span style=\"vertical-align: inherit;\">&#8211; \u6211\u4eec\u7684 Rolex Super Clone \u624b\u8868\u7cbe\u786e\u954c\u523b\u6709\u6b63\u786e\u7684\u5e8f\u5217\u53f7\uff0c\u53ef\u4ee5\u76f8\u4e92\u53c2\u7167<\/span><\/span><\/td>\n<\/tr>\n<\/tbody>\n<\/table>","protected":false},"excerpt":{"rendered":"<p>https:\/\/youtu.be\/YNS5Q39bU_M<\/p>","protected":false},"featured_media":3529,"template":"","meta":[],"product_cat":[57],"product_tag":[],"class_list":{"0":"post-3539","1":"product","2":"type-product","3":"status-publish","4":"has-post-thumbnail","6":"product_cat-daytona","8":"first","9":"instock","10":"sale","11":"shipping-taxable","12":"purchasable","13":"product-type-variable"},"_links":{"self":[{"href":"https:\/\/rolexcopy.shop\/pt\/wp-json\/wp\/v2\/product\/3539","targetHints":{"allow":["GET"]}}],"collection":[{"href":"https:\/\/rolexcopy.shop\/pt\/wp-json\/wp\/v2\/product"}],"about":[{"href":"https:\/\/rolexcopy.shop\/pt\/wp-json\/wp\/v2\/types\/product"}],"version-history":[{"count":14,"href":"https:\/\/rolexcopy.shop\/pt\/wp-json\/wp\/v2\/product\/3539\/revisions"}],"predecessor-version":[{"id":20971,"href":"https:\/\/rolexcopy.shop\/pt\/wp-json\/wp\/v2\/product\/3539\/revisions\/20971"}],"wp:featuredmedia":[{"embeddable":true,"href":"https:\/\/rolexcopy.shop\/pt\/wp-json\/wp\/v2\/media\/3529"}],"wp:attachment":[{"href":"https:\/\/rolexcopy.shop\/pt\/wp-json\/wp\/v2\/media?parent=3539"}],"wp:term":[{"taxonomy":"product_cat","embeddable":true,"href":"https:\/\/rolexcopy.shop\/pt\/wp-json\/wp\/v2\/product_cat?post=3539"},{"taxonomy":"product_tag","embeddable":true,"href":"https:\/\/rolexcopy.shop\/pt\/wp-json\/wp\/v2\/product_tag?post=3539"}],"curies":[{"name":"wp","href":"https:\/\/api.w.org\/{rel}","templated":true}]}}