{"id":3180,"date":"2024-07-03T06:52:13","date_gmt":"2024-07-03T06:52:13","guid":{"rendered":"https:\/\/adwhtch.shop\/?post_type=product&#038;p=3180"},"modified":"2025-10-22T21:25:56","modified_gmt":"2025-10-22T13:25:56","slug":"rolex-daytona-arabic-dial-super-clone-swiss-replica-watch-ref-116506-4130-swiss-movement","status":"publish","type":"product","link":"https:\/\/rolexcopy.shop\/pt\/produto\/rolex-daytona-arabic-dial-super-clone-swiss-replica-watch-ref-116506-4130-swiss-movement\/","title":{"rendered":"Rel\u00f3gio Rolex Daytona Arabic Dial Super Clone Swiss R\u00e9plica | Ref 116506 | Movimento Su\u00ed\u00e7o 4130"},"content":{"rendered":"<h5 class=\"uppercase mt\">Descri\u00e7\u00e3o<\/h5>\n<table class=\"product-specs\" style=\"width: 100%;\" border=\"2px\">\n<tbody>\n<tr>\n<th style=\"text-align: center;\" colspan=\"2\"><strong>Please Note: This is the Highest Quality Swiss Replica having \u2018Exact 1:1 Calibre Super Clone Movement\u2019 and it has \u2018All Working Functions\u2019, same as Original. No Better Quality is made than this in the World \u2013 Be Rest Assured. Thank You.<\/strong><\/th>\n<\/tr>\n<tr>\n<th style=\"text-align: center;\" colspan=\"2\">\u2018ALL PRODUCT PHOTOS ABOVE ARE REAL PHOTOS OF OUR WATCHES CLICKED BY US\u2019<\/th>\n<\/tr>\n<tr>\n<td style=\"padding-right: 3px; padding-left: 3px;\" valign=\"top\"><strong>N.\u00ba de refer\u00eancia<\/strong><\/td>\n<td valign=\"top\">116506<\/td>\n<\/tr>\n<tr>\n<td style=\"white-space: nowrap; padding-right: 3px; padding-left: 3px;\" valign=\"top\"><strong>MOVIMENTO<\/strong><\/td>\n<td valign=\"top\">&#8211; Exact 1:1 Rolex Calibre 4130 Chronograph Super Clone Automatic Swiss Movement<br \/>\n&#8211; All 3 Working Chronographs with Stop Watch Functions, Exactly Same as Original<br \/>\n&#8211; Correct Serial Numbers and Identical \u2018Rolex Geneve\u2019 \u20184130\u2019 etc, Gold Engraved Markings on all small movement parts<br \/>\n- Enrolamento: Auto-enrolamento bidirecional atrav\u00e9s de rotor perp\u00e9tuo<br \/>\n&#8211; Perpetual, Mechanical Chronograph, Self-Winding<br \/>\n- Oscilador: Mola de cabelo anti-magn\u00e9tica BLUE Parachrom, exatamente igual \u00e0 original<br \/>\n- Movimento suave do ponteiro dos segundos, 28.800 VPH (4Hz)<br \/>\n&#8211; Swiss Nano-Oil Lubricated, So our Movements Do Not Have \u2018Rattling Noise\u2019 coming from inside the movement like all other cheap Rolex replica watches<br \/>\n- Todas as pe\u00e7as s\u00e3o intercambi\u00e1veis com as originais<\/td>\n<\/tr>\n<tr>\n<td style=\"white-space: nowrap; padding-right: 3px; padding-left: 3px;\" valign=\"top\"><strong>FUN\u00c7\u00d5ES<\/strong><\/td>\n<td valign=\"top\">- 3 ponteiros centrais grandes: Estes s\u00e3o os ponteiros das horas, minutos e segundos<br \/>\n&#8211; 3 Small Chronograph Hands: Running Seconds at 6 o\u2019clock, 30 Minute Counter at 3 o\u2019clock, 12 Hour Counter at 9 o\u2019clock<br \/>\n&#8211; Stop Watch Chronograph Function which can be operated by using the Right Side Top and Bottom Push Buttons<br \/>\n- Paragem de segundos para acerto preciso da hora<\/td>\n<\/tr>\n<tr>\n<td style=\"white-space: nowrap; padding-right: 3px; padding-left: 3px;\" valign=\"top\"><strong>CASO<\/strong><\/td>\n<td valign=\"top\">- Caixa Oyster de 40 mm<br \/>\n&#8211; Solid 904L Stainless Steel Monobloc Construction. 904 L Grade of Steel is the same steel used by Rolex in their \u2018Oystersteel\u2019 stainless steel watches and it is rust proof<br \/>\n- Fundo da caixa aparafusado e coroa de enrolamento<br \/>\n- ROLEX ROLEX Grava\u00e7\u00e3o a laser no anel Rehaut com alinhamento correto<br \/>\n- As dimens\u00f5es e o peso s\u00e3o exatamente 1:1 id\u00eanticos aos do original<\/td>\n<\/tr>\n<tr>\n<td style=\"white-space: nowrap; padding-right: 3px; padding-left: 3px;\" valign=\"top\"><strong>LIGAR<\/strong><\/td>\n<td valign=\"top\">&#8211; Ice Blue Dial with Arab Numerals<br \/>\n&#8211; Hands coated with Bright Superluminova Blue Luminescence <span class=\"st\">Fosforescente<\/span> Lume que brilha at\u00e9 4 a 6 horas durante a noite com uma luminosidade uniforme<br \/>\n- Tamanho de letra exato 1:1 correto e visor Chromalight altamente leg\u00edvel<\/td>\n<\/tr>\n<tr>\n<td style=\"white-space: nowrap; padding-right: 3px; padding-left: 3px;\" valign=\"top\"><strong>BEZEL<\/strong><\/td>\n<td valign=\"top\">&#8211; Fixed (does not move). Chestnut brown Monobloc Cerachrom bezel in ceramic with Platinized engraved tachymetric scale<\/td>\n<\/tr>\n<tr>\n<td style=\"white-space: nowrap; padding-right: 3px; padding-left: 3px;\" valign=\"top\"><strong>PULSEIRA<\/strong><\/td>\n<td valign=\"top\">- Design de ostra, elos planos de tr\u00eas pe\u00e7as<br \/>\n- Fabricado em a\u00e7o inoxid\u00e1vel s\u00f3lido de grau 904L com revestimento de prote\u00e7\u00e3o anti-riscos DLC<br \/>\n- Parafusos de rosca s\u00f3lida, para que possa remover facilmente os elos da bracelete apenas com uma pequena chave de fendas<br \/>\n&#8211; Folding OysterLock Safety Clasp with Easylink 5 mm Comfort Extension System, exactly as Original<\/td>\n<\/tr>\n<tr>\n<td style=\"white-space: nowrap; padding-right: 3px; padding-left: 3px;\" valign=\"top\"><strong>CRISTAL<\/strong><\/td>\n<td valign=\"top\">- Safira resistente a riscos<br \/>\n- Pequeno log\u00f3tipo da coroa Rolex gravado a laser \u00e0s 6 horas<\/td>\n<\/tr>\n<tr>\n<td style=\"white-space: nowrap; padding-right: 3px; padding-left: 3px;\" valign=\"top\"><strong>PRECIS\u00c3O<\/strong><\/td>\n<td valign=\"top\">- (-3\/+3 seg\/dia)<br \/>\n- Dentro dos limites da certifica\u00e7\u00e3o COSC<\/td>\n<\/tr>\n<tr>\n<td style=\"padding-right: 3px; padding-left: 3px;\" valign=\"top\"><strong>RESERVA DE POT\u00caNCIA<\/strong><\/td>\n<td valign=\"top\">- Aproximadamente 36 a 48 horas<\/td>\n<\/tr>\n<tr>\n<td style=\"padding-right: 3px; padding-left: 3px;\" valign=\"top\"><strong>RESIST\u00caNCIA \u00c0 \u00c1GUA<\/strong><\/td>\n<td valign=\"top\">- Selado de f\u00e1brica com junta de borracha O-Ring e testado individualmente \u00e0 prova de \u00e1gua<br \/>\n- Coroa de rosca s\u00f3lida de uma pe\u00e7a Triplock com juntas de veda\u00e7\u00e3o triplas de borracha de silicone sint\u00e9tico O-Ring<\/td>\n<\/tr>\n<tr>\n<td style=\"white-space: nowrap; padding-right: 3px; padding-left: 3px;\" valign=\"top\"><strong>GARANTIA<\/strong><\/td>\n<td valign=\"top\">- Todos os nossos rel\u00f3gios Rolex Super Clone s\u00e3o fornecidos com uma garantia total de 2 anos<br \/>\n- Os nossos rel\u00f3gios Rolex Super Clone s\u00e3o gravados com precis\u00e3o com os n\u00fameros de s\u00e9rie corretos e podem ser comparados<\/td>\n<\/tr>\n<\/tbody>\n<\/table>","protected":false},"excerpt":{"rendered":"<p>https:\/\/youtu.be\/o_rj0vbdIVs<\/p>","protected":false},"featured_media":3266,"template":"","meta":[],"product_cat":[57],"product_tag":[],"class_list":{"0":"post-3180","1":"product","2":"type-product","3":"status-publish","4":"has-post-thumbnail","6":"product_cat-daytona","8":"first","9":"instock","10":"sale","11":"shipping-taxable","12":"purchasable","13":"product-type-variable"},"_links":{"self":[{"href":"https:\/\/rolexcopy.shop\/pt\/wp-json\/wp\/v2\/product\/3180","targetHints":{"allow":["GET"]}}],"collection":[{"href":"https:\/\/rolexcopy.shop\/pt\/wp-json\/wp\/v2\/product"}],"about":[{"href":"https:\/\/rolexcopy.shop\/pt\/wp-json\/wp\/v2\/types\/product"}],"version-history":[{"count":5,"href":"https:\/\/rolexcopy.shop\/pt\/wp-json\/wp\/v2\/product\/3180\/revisions"}],"predecessor-version":[{"id":4572,"href":"https:\/\/rolexcopy.shop\/pt\/wp-json\/wp\/v2\/product\/3180\/revisions\/4572"}],"wp:featuredmedia":[{"embeddable":true,"href":"https:\/\/rolexcopy.shop\/pt\/wp-json\/wp\/v2\/media\/3266"}],"wp:attachment":[{"href":"https:\/\/rolexcopy.shop\/pt\/wp-json\/wp\/v2\/media?parent=3180"}],"wp:term":[{"taxonomy":"product_cat","embeddable":true,"href":"https:\/\/rolexcopy.shop\/pt\/wp-json\/wp\/v2\/product_cat?post=3180"},{"taxonomy":"product_tag","embeddable":true,"href":"https:\/\/rolexcopy.shop\/pt\/wp-json\/wp\/v2\/product_tag?post=3180"}],"curies":[{"name":"wp","href":"https:\/\/api.w.org\/{rel}","templated":true}]}}