{"id":2278,"date":"2024-07-03T06:46:46","date_gmt":"2024-07-03T06:46:46","guid":{"rendered":"https:\/\/adwhtch.shop\/?post_type=product&#038;p=2278"},"modified":"2024-09-07T13:07:58","modified_gmt":"2024-09-07T05:07:58","slug":"rolex-explorer-ii-super-clone-swiss-replica-watch-black-dial-ref-226570-3285-swiss-movement","status":"publish","type":"product","link":"https:\/\/rolexcopy.shop\/pt\/produto\/rolex-explorer-ii-super-clone-swiss-replica-watch-black-dial-ref-226570-3285-swiss-movement\/","title":{"rendered":"Rolex Explorer II Super Clone Rel\u00f3gio de R\u00e9plica Su\u00ed\u00e7o | Mostrador Preto Ref 226570 | Movimento Su\u00ed\u00e7o 3285"},"content":{"rendered":"<h5 class=\"uppercase mt\">Descri\u00e7\u00e3o<\/h5>\n<table class=\"product-specs\" style=\"width: 100%;\" border=\"2px\">\n<tbody>\n<tr>\n<th style=\"text-align: center;\" colspan=\"2\"><strong>Nota: Esta \u00e9 a r\u00e9plica su\u00ed\u00e7a da mais alta qualidade com \"Movimento Super Clone de Calibre Exato 1:1\" e tem \"Todas as Fun\u00e7\u00f5es de Trabalho\", tal como o Original. N\u00e3o h\u00e1 melhor qualidade do que esta no mundo - fique descansado. Obrigado.<\/strong><\/th>\n<\/tr>\n<tr>\n<th style=\"text-align: center;\" colspan=\"2\">'TODAS AS FOTOGRAFIAS DE PRODUTOS ACIMA S\u00c3O FOTOGRAFIAS REAIS DOS NOSSOS REL\u00d3GIOS, CLICADAS POR N\u00d3S'<\/th>\n<\/tr>\n<tr>\n<td style=\"padding-right: 3px; padding-left: 3px;\" valign=\"top\"><strong>N.\u00ba de refer\u00eancia<\/strong><\/td>\n<td valign=\"top\">226570<\/td>\n<\/tr>\n<tr>\n<td style=\"white-space: nowrap; padding-right: 3px; padding-left: 3px;\" valign=\"top\"><strong>MOVIMENTO<\/strong><\/td>\n<td valign=\"top\">&#8211; Exact 1:1 Rolex Calibre 3285 Super Clone Automatic Swiss Movement<br \/>&#8211; Correct Serial Numbers and Identical &#8216;Rolex Geneve&#8217; &#8216;3285&#8217; etc, Gold Engraved Markings on all small movement parts<br \/>- Enrolamento: Auto-enrolamento bidirecional atrav\u00e9s de rotor perp\u00e9tuo<br \/>- Oscilador: Mola de cabelo anti-magn\u00e9tica BLUE Parachrom, exatamente igual \u00e0 original<br \/>- Movimento suave do ponteiro dos segundos, 28.800 VPH (4Hz)<br \/>- Lubrificado com Nano-\u00f3leo su\u00ed\u00e7o, por isso os nossos movimentos n\u00e3o t\u00eam \"ru\u00eddo de chocalho\" vindo do interior do movimento como todas as outras r\u00e9plicas de rel\u00f3gios Rolex baratos<br \/>- Todas as pe\u00e7as s\u00e3o intercambi\u00e1veis com as originais<\/td>\n<\/tr>\n<tr>\n<td style=\"white-space: nowrap; padding-right: 3px; padding-left: 3px;\" valign=\"top\"><strong>FUN\u00c7\u00d5ES<\/strong><\/td>\n<td valign=\"top\">&#8211; 4 Big Center Hands: These are Hour, Minute, Seconds and Orange GMT hand<br \/>&#8211; Second Time Zone Setting with Independent Rapid-Setting of the hour hand<br \/>- Data instant\u00e2nea com ajuste r\u00e1pido<br \/>- Paragem de segundos para acerto preciso da hora<\/td>\n<\/tr>\n<tr>\n<td style=\"white-space: nowrap; padding-right: 3px; padding-left: 3px;\" valign=\"top\"><strong>CASO<\/strong><\/td>\n<td valign=\"top\">&#8211; 42mm Oyster Case<br \/>- Constru\u00e7\u00e3o s\u00f3lida em monobloco de a\u00e7o inoxid\u00e1vel 904L. O a\u00e7o de grau 904L \u00e9 o mesmo a\u00e7o utilizado pela Rolex nos seus rel\u00f3gios de a\u00e7o inoxid\u00e1vel \"Oystersteel\" e \u00e9 \u00e0 prova de ferrugem<br \/>- Fundo da caixa aparafusado e coroa de enrolamento<br \/>- ROLEX ROLEX Grava\u00e7\u00e3o a laser no anel Rehaut com alinhamento correto<br \/>- As dimens\u00f5es e o peso s\u00e3o exatamente 1:1 id\u00eanticos aos do original<\/td>\n<\/tr>\n<tr>\n<td style=\"white-space: nowrap; padding-right: 3px; padding-left: 3px;\" valign=\"top\"><strong>LIGAR<\/strong><\/td>\n<td valign=\"top\">- Mostrador preto<br \/>- Ponteiros e marcadores das horas revestidos com luminesc\u00eancia azul Superluminova brilhante <span class=\"st\">Fosforescente<\/span> Lume que brilha at\u00e9 4 a 6 horas durante a noite com uma luminosidade uniforme<br \/>- Tamanho de letra exato 1:1 correto e visor Chromalight altamente leg\u00edvel<\/td>\n<\/tr>\n<tr>\n<td style=\"white-space: nowrap; padding-right: 3px; padding-left: 3px;\" valign=\"top\"><strong>BEZEL<\/strong><\/td>\n<td valign=\"top\">&#8211; Fixed bezel<\/td>\n<\/tr>\n<tr>\n<td style=\"white-space: nowrap; padding-right: 3px; padding-left: 3px;\" valign=\"top\"><strong>PULSEIRA<\/strong><\/td>\n<td valign=\"top\">&#8211; Oyster, three-piece links<br \/>- Fabricado em a\u00e7o inoxid\u00e1vel s\u00f3lido de grau 904L com revestimento de prote\u00e7\u00e3o anti-riscos DLC<br \/>- Parafusos de rosca s\u00f3lida, para que possa remover facilmente os elos da bracelete apenas com uma pequena chave de fendas<br \/>&#8211; Folding Oysterlock safety clasp with Easylink 5 mm comfort extension link, exactly as Original<\/td>\n<\/tr>\n<tr>\n<td style=\"white-space: nowrap; padding-right: 3px; padding-left: 3px;\" valign=\"top\"><strong>CRISTAL<\/strong><\/td>\n<td valign=\"top\">- Safira resistente a riscos<br \/>- Pequeno log\u00f3tipo da coroa Rolex gravado a laser \u00e0s 6 horas<\/td>\n<\/tr>\n<tr>\n<td style=\"white-space: nowrap; padding-right: 3px; padding-left: 3px;\" valign=\"top\"><strong>PRECIS\u00c3O<\/strong><\/td>\n<td valign=\"top\">- (-3\/+3 seg\/dia)<br \/>- Dentro dos limites da certifica\u00e7\u00e3o COSC<\/td>\n<\/tr>\n<tr>\n<td style=\"padding-right: 3px; padding-left: 3px;\" valign=\"top\"><strong>RESERVA DE POT\u00caNCIA<\/strong><\/td>\n<td valign=\"top\">- Aproximadamente 36 a 48 horas<\/td>\n<\/tr>\n<tr>\n<td style=\"padding-right: 3px; padding-left: 3px;\" valign=\"top\"><strong>RESIST\u00caNCIA \u00c0 \u00c1GUA<\/strong><\/td>\n<td valign=\"top\">- Selado de f\u00e1brica com junta de borracha O-Ring e testado individualmente \u00e0 prova de \u00e1gua<br \/>- Coroa de rosca s\u00f3lida de uma pe\u00e7a Triplock com juntas de veda\u00e7\u00e3o triplas de borracha de silicone sint\u00e9tico O-Ring<\/td>\n<\/tr>\n<tr>\n<td style=\"white-space: nowrap; padding-right: 3px; padding-left: 3px;\" valign=\"top\"><strong>GARANTIA<\/strong><\/td>\n<td valign=\"top\">- Todos os nossos rel\u00f3gios Rolex Super Clone s\u00e3o fornecidos com uma garantia total de 2 anos<br \/>- Os nossos rel\u00f3gios Rolex Super Clone s\u00e3o gravados com precis\u00e3o com os n\u00fameros de s\u00e9rie corretos e podem ser comparados<\/td>\n<\/tr>\n<\/tbody>\n<\/table>","protected":false},"excerpt":{"rendered":"<p>Description Please Note: This is the Highest Quality Swiss Replica having &#8216;Exact 1:1 Calibre Super Clone Movement&#8217; and it has<\/p>","protected":false},"featured_media":2372,"template":"","meta":[],"product_cat":[48],"product_tag":[],"class_list":{"0":"post-2278","1":"product","2":"type-product","3":"status-publish","4":"has-post-thumbnail","6":"product_cat-explorer-ii","8":"first","9":"instock","10":"sale","11":"shipping-taxable","12":"purchasable","13":"product-type-variable"},"_links":{"self":[{"href":"https:\/\/rolexcopy.shop\/pt\/wp-json\/wp\/v2\/product\/2278","targetHints":{"allow":["GET"]}}],"collection":[{"href":"https:\/\/rolexcopy.shop\/pt\/wp-json\/wp\/v2\/product"}],"about":[{"href":"https:\/\/rolexcopy.shop\/pt\/wp-json\/wp\/v2\/types\/product"}],"version-history":[{"count":2,"href":"https:\/\/rolexcopy.shop\/pt\/wp-json\/wp\/v2\/product\/2278\/revisions"}],"predecessor-version":[{"id":4194,"href":"https:\/\/rolexcopy.shop\/pt\/wp-json\/wp\/v2\/product\/2278\/revisions\/4194"}],"wp:featuredmedia":[{"embeddable":true,"href":"https:\/\/rolexcopy.shop\/pt\/wp-json\/wp\/v2\/media\/2372"}],"wp:attachment":[{"href":"https:\/\/rolexcopy.shop\/pt\/wp-json\/wp\/v2\/media?parent=2278"}],"wp:term":[{"taxonomy":"product_cat","embeddable":true,"href":"https:\/\/rolexcopy.shop\/pt\/wp-json\/wp\/v2\/product_cat?post=2278"},{"taxonomy":"product_tag","embeddable":true,"href":"https:\/\/rolexcopy.shop\/pt\/wp-json\/wp\/v2\/product_tag?post=2278"}],"curies":[{"name":"wp","href":"https:\/\/api.w.org\/{rel}","templated":true}]}}