{"id":67,"date":"2024-04-04T16:00:30","date_gmt":"2024-04-04T16:00:30","guid":{"rendered":"https:\/\/qiuyi2.me6.shop\/?page_id=67"},"modified":"2024-04-04T16:02:03","modified_gmt":"2024-04-04T16:02:03","slug":"refund-return-policy","status":"publish","type":"page","link":"https:\/\/rolexcopy.shop\/pt\/refund-return-policy\/","title":{"rendered":"Pol\u00edtica de reembolso e devolu\u00e7\u00e3o"},"content":{"rendered":"<div data-elementor-type=\"wp-page\" data-elementor-id=\"67\" class=\"elementor elementor-67\" data-elementor-post-type=\"page\">\n\t\t\t\t\t\t<section class=\"wd-negative-gap elementor-section elementor-top-section elementor-element elementor-element-50d2805c wd-section-stretch elementor-section-boxed elementor-section-height-default elementor-section-height-default\" data-id=\"50d2805c\" data-element_type=\"section\">\n\t\t\t\t\t\t<div class=\"elementor-container elementor-column-gap-default\">\n\t\t\t\t\t<div class=\"elementor-column elementor-col-100 elementor-top-column elementor-element elementor-element-4cba8a52\" data-id=\"4cba8a52\" data-element_type=\"column\">\n\t\t\t<div class=\"elementor-widget-wrap elementor-element-populated\">\n\t\t\t\t\t\t<div class=\"elementor-element elementor-element-57381722 elementor-widget elementor-widget-heading\" data-id=\"57381722\" data-element_type=\"widget\" data-widget_type=\"heading.default\">\n\t\t\t\t<div class=\"elementor-widget-container\">\n\t\t\t<style>\/*! elementor - v3.21.0 - 24-04-2024 *\/\n.elementor-heading-title{padding:0;margin:0;line-height:1}.elementor-widget-heading .elementor-heading-title[class*=elementor-size-]>a{color:inherit;font-size:inherit;line-height:inherit}.elementor-widget-heading .elementor-heading-title.elementor-size-small{font-size:15px}.elementor-widget-heading .elementor-heading-title.elementor-size-medium{font-size:19px}.elementor-widget-heading .elementor-heading-title.elementor-size-large{font-size:29px}.elementor-widget-heading .elementor-heading-title.elementor-size-xl{font-size:39px}.elementor-widget-heading .elementor-heading-title.elementor-size-xxl{font-size:59px}<\/style><h2 class=\"elementor-heading-title elementor-size-default\">Pol\u00edtica de reembolso e devolu\u00e7\u00e3o<\/h2>\t\t<\/div>\n\t\t\t\t<\/div>\n\t\t\t\t<div class=\"elementor-element elementor-element-2eec0648 text-center wd-single-breadcrumbs wd-breadcrumbs elementor-widget elementor-widget-wd_wc_breadcrumb\" data-id=\"2eec0648\" data-element_type=\"widget\" data-widget_type=\"wd_wc_breadcrumb.default\">\n\t\t\t\t<div class=\"elementor-widget-container\">\n\t\t\t<nav class=\"woocommerce-breadcrumb\" aria-label=\"P\u00e3o ralado\">\t\t\t\t<span class=\"breadcrumb-last\">\n\t\t\t\t\tIn\u00edcio\t\t\t\t<\/span>\n\t\t\t<\/nav>\t\t<\/div>\n\t\t\t\t<\/div>\n\t\t\t\t\t<\/div>\n\t\t<\/div>\n\t\t\t\t\t<\/div>\n\t\t<\/section>\n\t\t\t\t<section class=\"elementor-section elementor-top-section elementor-element elementor-element-65b9ca68 elementor-section-boxed elementor-section-height-default elementor-section-height-default\" data-id=\"65b9ca68\" data-element_type=\"section\">\n\t\t\t\t\t\t<div class=\"elementor-container elementor-column-gap-default\">\n\t\t\t\t\t<div class=\"elementor-column elementor-col-100 elementor-top-column elementor-element elementor-element-53e56d45\" data-id=\"53e56d45\" data-element_type=\"column\">\n\t\t\t<div class=\"elementor-widget-wrap elementor-element-populated\">\n\t\t\t\t\t\t<div class=\"elementor-element elementor-element-298c7395 color-scheme-inherit text-left elementor-widget elementor-widget-text-editor\" data-id=\"298c7395\" data-element_type=\"widget\" data-widget_type=\"text-editor.default\">\n\t\t\t\t<div class=\"elementor-widget-container\">\n\t\t\t<style>\/*! elementor - v3.21.0 - 24-04-2024 *\/\n.elementor-widget-text-editor.elementor-drop-cap-view-stacked .elementor-drop-cap{background-color:#69727d;color:#fff}.elementor-widget-text-editor.elementor-drop-cap-view-framed .elementor-drop-cap{color:#69727d;border:3px solid;background-color:transparent}.elementor-widget-text-editor:not(.elementor-drop-cap-view-default) .elementor-drop-cap{margin-top:8px}.elementor-widget-text-editor:not(.elementor-drop-cap-view-default) .elementor-drop-cap-letter{width:1em;height:1em}.elementor-widget-text-editor .elementor-drop-cap{float:right;text-align:center;line-height:1;font-size:50px}.elementor-widget-text-editor .elementor-drop-cap-letter{display:inline-block}<\/style>\t\t\t\t<h4 class=\"wp-block-heading\"><strong>Returns<\/strong><\/h4><p>If you are not satisfied with your product, you can return it to us for a refund within 14 days of receiving the product.<\/p><p>The return policy will not apply if you have already worn the product. Therefore, please keep the status of the product exactly the same as the one received.<\/p><p>If you want to return the product please contact us and we will provide you with the return address and instructions.<\/p><p>Return the product to the address we have provided to you and then provide us with the tracking number.<\/p><p>Please do not use major shipping companies such as DHL, EMS, or FedEx. Use the regular registered mail service to avoid entry problems.<\/p><p>The cost of return shipping is entirely your responsibility.<\/p><p>You should always bear in mind that returning a product to China is not easy and it may happen that the Chinese customs will not accept your return and will return the product to you.<\/p><p>In this case, it could happen that you will have to ship twice and wait a long time.<\/p><p>So before buying, please carefully choose the product and size, in order to avoid the possibility of having to return it.<\/p><p>In any case, we will not be able to provide you with a refund if we have not first obtained the purchased product back.<\/p>\t\t\t\t\t\t<\/div>\n\t\t\t\t<\/div>\n\t\t\t\t\t<\/div>\n\t\t<\/div>\n\t\t\t\t\t<\/div>\n\t\t<\/section>\n\t\t\t\t<\/div>","protected":false},"excerpt":{"rendered":"<p>\u9996\u9875 Returns If you are not satisfied with your product, you can return it to us for a refund within<\/p>","protected":false},"author":1,"featured_media":0,"parent":0,"menu_order":0,"comment_status":"closed","ping_status":"closed","template":"elementor_header_footer","meta":{"footnotes":""},"class_list":["post-67","page","type-page","status-publish","hentry"],"_links":{"self":[{"href":"https:\/\/rolexcopy.shop\/pt\/wp-json\/wp\/v2\/pages\/67","targetHints":{"allow":["GET"]}}],"collection":[{"href":"https:\/\/rolexcopy.shop\/pt\/wp-json\/wp\/v2\/pages"}],"about":[{"href":"https:\/\/rolexcopy.shop\/pt\/wp-json\/wp\/v2\/types\/page"}],"author":[{"embeddable":true,"href":"https:\/\/rolexcopy.shop\/pt\/wp-json\/wp\/v2\/users\/1"}],"replies":[{"embeddable":true,"href":"https:\/\/rolexcopy.shop\/pt\/wp-json\/wp\/v2\/comments?post=67"}],"version-history":[{"count":10,"href":"https:\/\/rolexcopy.shop\/pt\/wp-json\/wp\/v2\/pages\/67\/revisions"}],"predecessor-version":[{"id":80,"href":"https:\/\/rolexcopy.shop\/pt\/wp-json\/wp\/v2\/pages\/67\/revisions\/80"}],"wp:attachment":[{"href":"https:\/\/rolexcopy.shop\/pt\/wp-json\/wp\/v2\/media?parent=67"}],"curies":[{"name":"wp","href":"https:\/\/api.w.org\/{rel}","templated":true}]}}