{"id":3486,"date":"2024-07-03T06:54:12","date_gmt":"2024-07-03T06:54:12","guid":{"rendered":"https:\/\/adwhtch.shop\/?post_type=product&#038;p=3486"},"modified":"2025-10-22T21:03:42","modified_gmt":"2025-10-22T13:03:42","slug":"rolex-daytona-black-dial-super-clone-swiss-replica-watch-ref-116500ln-4130-swiss-movement","status":"publish","type":"product","link":"https:\/\/rolexcopy.shop\/fr\/produit\/rolex-daytona-black-dial-super-clone-swiss-replica-watch-ref-116500ln-4130-swiss-movement\/","title":{"rendered":"Rolex Daytona Black Dial Super Clone Swiss Replica Watch | Ref 116500LN | 4130 Swiss Movement"},"content":{"rendered":"<h5 class=\"uppercase mt\">Description<\/h5>\n<table class=\"product-specs\" style=\"width: 100%;\" border=\"2px\">\n<tbody>\n<tr>\n<th style=\"text-align: center;\" colspan=\"2\"><strong>Please Note: This is the Highest Quality Swiss Replica having \u2018Exact 1:1 Calibre Super Clone Movement\u2019 and it has \u2018All Working Functions\u2019, same as Original. No Better Quality is made than this in the World \u2013 Be Rest Assured. Thank You.<\/strong><\/th>\n<\/tr>\n<tr>\n<th style=\"text-align: center;\" colspan=\"2\">\u2018ALL PRODUCT PHOTOS ABOVE ARE REAL PHOTOS OF OUR WATCHES CLICKED BY US\u2019<\/th>\n<\/tr>\n<tr>\n<td style=\"padding-right: 3px; padding-left: 3px;\" valign=\"top\"><strong>Num\u00e9ro de r\u00e9f\u00e9rence<\/strong><\/td>\n<td valign=\"top\">116500LN<\/td>\n<\/tr>\n<tr>\n<td style=\"white-space: nowrap; padding-right: 3px; padding-left: 3px;\" valign=\"top\"><strong>MOUVEMENT<\/strong><\/td>\n<td valign=\"top\">&#8211; Exact 1:1 Rolex Calibre 4130 Chronograph Super Clone Automatic Swiss Movement<br \/>\n&#8211; All 3 Working Chronographs with Stop Watch Functions, Exactly Same as Original<br \/>\n&#8211; Correct Serial Numbers and Identical \u2018Rolex Geneve\u2019 \u20184130\u2019 etc, Gold Engraved Markings on all small movement parts<br \/>\n- Remontage : Remontage automatique bidirectionnel par rotor perp\u00e9tuel<br \/>\n&#8211; Perpetual, Mechanical Chronograph, Self-Winding<br \/>\n- Oscillateur : Ressort Parachrom BLEU anti-magn\u00e9tique, identique \u00e0 l'original<br \/>\n- Mouvement de l'aiguille des secondes, 28.800 VPH (4Hz)<br \/>\n&#8211; Swiss Nano-Oil Lubricated, So our Movements Do Not Have \u2018Rattling Noise\u2019 coming from inside the movement like all other cheap Rolex replica watches<br \/>\n- Toutes les pi\u00e8ces sont interchangeables avec l'original<\/td>\n<\/tr>\n<tr>\n<td style=\"white-space: nowrap; padding-right: 3px; padding-left: 3px;\" valign=\"top\"><strong>FONCTIONS<\/strong><\/td>\n<td valign=\"top\">- 3 grandes aiguilles centrales : Il s'agit des aiguilles des heures, des minutes et des secondes.<br \/>\n&#8211; 3 Small Chronograph Hands: Running Seconds at 6 o\u2019clock, 30 Minute Counter at 3 o\u2019clock, 12 Hour Counter at 9 o\u2019clock<br \/>\n&#8211; Stop Watch Chronograph Function which can be operated by using the Right Side Top and Bottom Push Buttons<br \/>\n- Stop-secondes pour un r\u00e9glage pr\u00e9cis de l'heure<\/td>\n<\/tr>\n<tr>\n<td style=\"white-space: nowrap; padding-right: 3px; padding-left: 3px;\" valign=\"top\"><strong>CASE<\/strong><\/td>\n<td valign=\"top\">&#8211; 40mm Oyster Case<br \/>\n&#8211; Solid 904L Stainless Steel Monobloc Construction. 904 L Grade of Steel is the same steel used by Rolex in their \u2018Oystersteel\u2019 stainless steel watches and it is rust proof<br \/>\n- Fond viss\u00e9 et couronne de remontoir<br \/>\n- ROLEX ROLEX Gravure au laser sur bague Rehaut avec alignement correct<br \/>\n- Les dimensions et le poids sont identiques \u00e0 ceux de l'original (1:1)<\/td>\n<\/tr>\n<tr>\n<td style=\"white-space: nowrap; padding-right: 3px; padding-left: 3px;\" valign=\"top\"><strong>DIAL<\/strong><\/td>\n<td valign=\"top\">&#8211; Black Dial<br \/>\n- Index et aiguilles rev\u00eatus de Superluminova bleu brillant <span class=\"st\">Phosphorescent<\/span> Lume qui brille jusqu'\u00e0 4 \u00e0 6 heures dans la nuit avec une luminosit\u00e9 uniforme<br \/>\n- Taille de police exacte 1:1 et affichage Chromalight tr\u00e8s lisible<\/td>\n<\/tr>\n<tr>\n<td style=\"white-space: nowrap; padding-right: 3px; padding-left: 3px;\" valign=\"top\"><strong>BEZEL<\/strong><\/td>\n<td valign=\"top\">&#8211; Fixed (does not move). Black Monobloc Cerachrom bezel in ceramic with Platinized engraved tachymetric scale<\/td>\n<\/tr>\n<tr>\n<td style=\"white-space: nowrap; padding-right: 3px; padding-left: 3px;\" valign=\"top\"><strong>BRACELET<\/strong><\/td>\n<td valign=\"top\">&#8211; Oyster design, flat three-piece links<br \/>\n- Fabriqu\u00e9 en acier inoxydable 904L avec rev\u00eatement anti-rayures DLC<br \/>\n- Vis solidement filet\u00e9es, permettant de retirer facilement les maillons du bracelet \u00e0 l'aide d'un petit tournevis.<br \/>\n&#8211; Folding OysterLock Safety Clasp with Easylink 5 mm Comfort Extension System, exactly as Original<\/td>\n<\/tr>\n<tr>\n<td style=\"white-space: nowrap; padding-right: 3px; padding-left: 3px;\" valign=\"top\"><strong>CRISTAL<\/strong><\/td>\n<td valign=\"top\">- Saphir inrayable<br \/>\n- Petite couronne Rolex grav\u00e9e au laser \u00e0 6 heures<\/td>\n<\/tr>\n<tr>\n<td style=\"white-space: nowrap; padding-right: 3px; padding-left: 3px;\" valign=\"top\"><strong>PR\u00c9CISION<\/strong><\/td>\n<td valign=\"top\">- (-3\/+3 sec\/jour)<br \/>\n- Dans les limites de la certification COSC<\/td>\n<\/tr>\n<tr>\n<td style=\"padding-right: 3px; padding-left: 3px;\" valign=\"top\"><strong>R\u00c9SERVE D'\u00c9NERGIE<\/strong><\/td>\n<td valign=\"top\">- Environ 36 \u00e0 48 heures<\/td>\n<\/tr>\n<tr>\n<td style=\"padding-right: 3px; padding-left: 3px;\" valign=\"top\"><strong>R\u00c9SISTANCE \u00c0 L'EAU<\/strong><\/td>\n<td valign=\"top\">- Scell\u00e9 en usine avec un joint torique en caoutchouc et test\u00e9 individuellement pour l'\u00e9tanch\u00e9it\u00e9<br \/>\n- Couronne viss\u00e9e monobloc Triplock avec triple joint d'\u00e9tanch\u00e9it\u00e9 O-Ring en caoutchouc silicone synth\u00e9tique<\/td>\n<\/tr>\n<tr>\n<td style=\"white-space: nowrap; padding-right: 3px; padding-left: 3px;\" valign=\"top\"><strong>GARANTIE<\/strong><\/td>\n<td valign=\"top\">- Toutes nos montres Rolex Super Clone b\u00e9n\u00e9ficient d'une garantie totale de 2 ans.<br \/>\n- Nos montres Rolex Super Clone sont pr\u00e9cis\u00e9ment grav\u00e9es avec les num\u00e9ros de s\u00e9rie corrects et peuvent \u00eatre recoup\u00e9es.<\/td>\n<\/tr>\n<\/tbody>\n<\/table>","protected":false},"excerpt":{"rendered":"<p>https:\/\/youtu.be\/1DDowEMgg0c<\/p>","protected":false},"featured_media":4434,"template":"","meta":[],"product_cat":[57,61],"product_tag":[],"class_list":{"0":"post-3486","1":"product","2":"type-product","3":"status-publish","4":"has-post-thumbnail","6":"product_cat-daytona","7":"product_cat-rolex-bestsellers","9":"first","10":"instock","11":"sale","12":"shipping-taxable","13":"purchasable","14":"product-type-variable"},"_links":{"self":[{"href":"https:\/\/rolexcopy.shop\/fr\/wp-json\/wp\/v2\/product\/3486","targetHints":{"allow":["GET"]}}],"collection":[{"href":"https:\/\/rolexcopy.shop\/fr\/wp-json\/wp\/v2\/product"}],"about":[{"href":"https:\/\/rolexcopy.shop\/fr\/wp-json\/wp\/v2\/types\/product"}],"version-history":[{"count":8,"href":"https:\/\/rolexcopy.shop\/fr\/wp-json\/wp\/v2\/product\/3486\/revisions"}],"predecessor-version":[{"id":20972,"href":"https:\/\/rolexcopy.shop\/fr\/wp-json\/wp\/v2\/product\/3486\/revisions\/20972"}],"wp:featuredmedia":[{"embeddable":true,"href":"https:\/\/rolexcopy.shop\/fr\/wp-json\/wp\/v2\/media\/4434"}],"wp:attachment":[{"href":"https:\/\/rolexcopy.shop\/fr\/wp-json\/wp\/v2\/media?parent=3486"}],"wp:term":[{"taxonomy":"product_cat","embeddable":true,"href":"https:\/\/rolexcopy.shop\/fr\/wp-json\/wp\/v2\/product_cat?post=3486"},{"taxonomy":"product_tag","embeddable":true,"href":"https:\/\/rolexcopy.shop\/fr\/wp-json\/wp\/v2\/product_tag?post=3486"}],"curies":[{"name":"wp","href":"https:\/\/api.w.org\/{rel}","templated":true}]}}