{"id":3244,"date":"2024-07-03T06:52:37","date_gmt":"2024-07-03T06:52:37","guid":{"rendered":"https:\/\/adwhtch.shop\/product\/rolex-watch-storage-box-for-10-watches-high-quality-lacquer-finished-wooden-box-with-keys-and-gloves\/"},"modified":"2024-12-05T03:37:08","modified_gmt":"2024-12-04T19:37:08","slug":"rolex-watch-storage-box-for-10-watches-high-quality-lacquer-finished-wooden-box-with-keys-and-gloves","status":"publish","type":"product","link":"https:\/\/rolexcopy.shop\/fr\/produit\/rolex-watch-storage-box-for-10-watches-high-quality-lacquer-finished-wooden-box-with-keys-and-gloves\/","title":{"rendered":"Rolex Watch Storage Box For 10 Watches | Bo\u00eete en bois laqu\u00e9 de haute qualit\u00e9 avec cl\u00e9s et gants"},"content":{"rendered":"<h5 class=\"uppercase mt\">Description<\/h5>\n<ul>\n<li><span style=\"color: #000000; font-size: 105%;\">Rolex Watch Storage Box For Keeping 10 Watches<\/span><\/li>\n<li><span style=\"color: #000000; font-size: 105%;\">High Quality Lacquer-Finished Wooden Box with Keys and 1 Pair White Gloves<\/span><\/li>\n<li><span style=\"color: #000000; font-size: 105%;\">You can also remove the 10 Watch Tray and use the Tray as a Display<\/span><\/li>\n<li><span style=\"color: #000000; font-size: 105%;\">This Wooden Box Has 2 Levels Inside. Top Level Shelf for Keeping 10 Piece Watches and Bottom Level Shelf for Keeping Jewelry or other small items<\/span><\/li>\n<li>Comes with Outer Rolex Carboard Box to keep the Inside Green Wooden Box Safe<\/li>\n<\/ul>","protected":false},"excerpt":{"rendered":"<p>Description Rolex Watch Storage Box For Keeping 10 Watches High Quality Lacquer-Finished Wooden Box with Keys and 1 Pair White<\/p>","protected":false},"featured_media":3243,"template":"","meta":[],"product_cat":[24],"product_tag":[],"class_list":{"0":"post-3244","1":"product","2":"type-product","3":"status-publish","4":"has-post-thumbnail","6":"product_cat-rolex-accessories","8":"first","9":"instock","10":"sale","11":"shipping-taxable","12":"purchasable","13":"product-type-simple"},"_links":{"self":[{"href":"https:\/\/rolexcopy.shop\/fr\/wp-json\/wp\/v2\/product\/3244","targetHints":{"allow":["GET"]}}],"collection":[{"href":"https:\/\/rolexcopy.shop\/fr\/wp-json\/wp\/v2\/product"}],"about":[{"href":"https:\/\/rolexcopy.shop\/fr\/wp-json\/wp\/v2\/types\/product"}],"version-history":[{"count":2,"href":"https:\/\/rolexcopy.shop\/fr\/wp-json\/wp\/v2\/product\/3244\/revisions"}],"predecessor-version":[{"id":3678,"href":"https:\/\/rolexcopy.shop\/fr\/wp-json\/wp\/v2\/product\/3244\/revisions\/3678"}],"wp:featuredmedia":[{"embeddable":true,"href":"https:\/\/rolexcopy.shop\/fr\/wp-json\/wp\/v2\/media\/3243"}],"wp:attachment":[{"href":"https:\/\/rolexcopy.shop\/fr\/wp-json\/wp\/v2\/media?parent=3244"}],"wp:term":[{"taxonomy":"product_cat","embeddable":true,"href":"https:\/\/rolexcopy.shop\/fr\/wp-json\/wp\/v2\/product_cat?post=3244"},{"taxonomy":"product_tag","embeddable":true,"href":"https:\/\/rolexcopy.shop\/fr\/wp-json\/wp\/v2\/product_tag?post=3244"}],"curies":[{"name":"wp","href":"https:\/\/api.w.org\/{rel}","templated":true}]}}