{"id":3238,"date":"2024-07-03T06:52:36","date_gmt":"2024-07-03T06:52:36","guid":{"rendered":"https:\/\/adwhtch.shop\/?post_type=product&#038;p=3238"},"modified":"2024-09-07T13:08:19","modified_gmt":"2024-09-07T05:08:19","slug":"rolex-daytona-diw-carbon-motley-multicolour-dial-super-clone-swiss-replica-watch-custom-made-limited-edition-4130-swiss-movement","status":"publish","type":"product","link":"https:\/\/rolexcopy.shop\/fr\/produit\/rolex-daytona-diw-carbon-motley-multicolour-dial-super-clone-swiss-replica-watch-custom-made-limited-edition-4130-swiss-movement\/","title":{"rendered":"Rolex Daytona DIW Carbon Motley Multicolour Dial Super Clone Swiss Replica Watch | Custom Made Limited Edition | 4130 Swiss Movement"},"content":{"rendered":"<h5 class=\"uppercase mt\">Description<\/h5>\n<p>&nbsp;<\/p>\n<table class=\"product-specs\" style=\"width: 100%;\" border=\"2px\">\n<tbody>\n<tr>\n<th style=\"text-align: center;\" colspan=\"2\"><strong>Please Note: This is a Custom Made Rolex Daytona Super Clone made of Real forged Carbon Fiber. The use of Carbon case makes this watch the lightest Daytona ever produced<\/strong><\/th>\n<\/tr>\n<tr>\n<th style=\"text-align: center;\" colspan=\"2\">TOUTES LES PHOTOS DE PRODUITS CI-DESSUS SONT DES PHOTOS R\u00c9ELLES DE NOS MONTRES PRISES PAR NOS SOINS.<\/th>\n<\/tr>\n<tr>\n<td style=\"padding-right: 3px; padding-left: 3px;\" valign=\"top\"><strong>MODEL NAME<\/strong><\/td>\n<td valign=\"top\">ROLEX DIW CARBON MOTLEY MULTICOLOUR<\/td>\n<\/tr>\n<tr>\n<td style=\"white-space: nowrap; padding-right: 3px; padding-left: 3px;\" valign=\"top\"><strong>MOUVEMENT<\/strong><\/td>\n<td valign=\"top\">&#8211; Exact 1:1 Rolex Calibre 4130 Chronograph Super Clone Automatic Swiss Movement<br \/>&#8211; All 3 Working Chronographs with Stop Watch Functions, Exactly Same as Original<br \/>&#8211; Correct Serial Numbers and Identical &#8216;Rolex Geneve&#8217; &#8216;4130&#8217; etc, Gold Engraved Markings on all small movement parts<br \/>- Remontage : Remontage automatique bidirectionnel par rotor perp\u00e9tuel<br \/>&#8211; Perpetual, Mechanical Chronograph, Self-Winding<br \/>- Oscillateur : Ressort Parachrom BLEU anti-magn\u00e9tique, identique \u00e0 l'original<br \/>- Mouvement de l'aiguille des secondes, 28.800 VPH (4Hz)<br \/>- Lubrification suisse \u00e0 l'huile nanom\u00e9trique, de sorte que nos mouvements n'\u00e9mettent pas de \"bruit de cliquetis\" \u00e0 l'int\u00e9rieur du mouvement comme toutes les autres r\u00e9pliques de montres Rolex bon march\u00e9.<br \/>- Toutes les pi\u00e8ces sont interchangeables avec l'original<\/td>\n<\/tr>\n<tr>\n<td style=\"white-space: nowrap; padding-right: 3px; padding-left: 3px;\" valign=\"top\"><strong>FONCTIONS<\/strong><\/td>\n<td valign=\"top\">- 3 grandes aiguilles centrales : Il s'agit des aiguilles des heures, des minutes et des secondes.<br \/>&#8211; 3 Small Chronograph Hands: Running Seconds at 6 o&#8217;clock, 30 Minute Counter at 3 o&#8217;clock, 12 Hour Counter at 9 o&#8217;clock<br \/>&#8211; Stop Watch Chronograph Function which can be operated by using the Right Side Top and Bottom Push Buttons<br \/>- Stop-secondes pour un r\u00e9glage pr\u00e9cis de l'heure<\/td>\n<\/tr>\n<tr>\n<td style=\"white-space: nowrap; padding-right: 3px; padding-left: 3px;\" valign=\"top\"><strong>CASE<\/strong><\/td>\n<td valign=\"top\">&#8211; 40mm Oyster Case made of real Carbon Fiber<br \/>&#8211; It is the Lightest Daytona ever produced with less than 50 grams of weight<br \/>&#8211; Screw-Down Winding Crown<br \/>- ROLEX ROLEX Gravure au laser sur bague Rehaut avec alignement correct<br \/>- Les dimensions et le poids sont identiques \u00e0 ceux de l'original (1:1)<\/td>\n<\/tr>\n<tr>\n<td style=\"white-space: nowrap; padding-right: 3px; padding-left: 3px;\" valign=\"top\"><strong>DIAL<\/strong><\/td>\n<td valign=\"top\">&#8211; Custom made &#8216;Motley&#8217; Multicolour dial<br \/>&#8211; Hour markers and Hands coated with Bright Superluminova Blue Luminescence <span class=\"st\">Phosphorescent<\/span> Lume qui brille jusqu'\u00e0 4 \u00e0 6 heures dans la nuit avec une luminosit\u00e9 uniforme<br \/>- Taille de police exacte 1:1 et affichage Chromalight tr\u00e8s lisible<\/td>\n<\/tr>\n<tr>\n<td style=\"white-space: nowrap; padding-right: 3px; padding-left: 3px;\" valign=\"top\"><strong>BEZEL<\/strong><\/td>\n<td valign=\"top\">&#8211; Fixed (does not move)<\/td>\n<\/tr>\n<tr>\n<td style=\"white-space: nowrap; padding-right: 3px; padding-left: 3px;\" valign=\"top\"><strong>BRACELET<\/strong><\/td>\n<td valign=\"top\">&#8211; Black Strap with Carbon Fiber lock and multicolour thread stitching<\/td>\n<\/tr>\n<tr>\n<td style=\"white-space: nowrap; padding-right: 3px; padding-left: 3px;\" valign=\"top\"><strong>CRISTAL<\/strong><\/td>\n<td valign=\"top\">- Saphir inrayable<br \/>- Petite couronne Rolex grav\u00e9e au laser \u00e0 6 heures<\/td>\n<\/tr>\n<tr>\n<td style=\"white-space: nowrap; padding-right: 3px; padding-left: 3px;\" valign=\"top\"><strong>PR\u00c9CISION<\/strong><\/td>\n<td valign=\"top\">- (-3\/+3 sec\/jour)<br \/>- Dans les limites de la certification COSC<\/td>\n<\/tr>\n<tr>\n<td style=\"padding-right: 3px; padding-left: 3px;\" valign=\"top\"><strong>R\u00c9SERVE D'\u00c9NERGIE<\/strong><\/td>\n<td valign=\"top\">- Environ 36 \u00e0 48 heures<\/td>\n<\/tr>\n<tr>\n<td style=\"padding-right: 3px; padding-left: 3px;\" valign=\"top\"><strong>R\u00c9SISTANCE \u00c0 L'EAU<\/strong><\/td>\n<td valign=\"top\">- Scell\u00e9 en usine avec un joint torique en caoutchouc et test\u00e9 individuellement pour l'\u00e9tanch\u00e9it\u00e9<br \/>- Couronne viss\u00e9e monobloc Triplock avec triple joint d'\u00e9tanch\u00e9it\u00e9 O-Ring en caoutchouc silicone synth\u00e9tique<\/td>\n<\/tr>\n<tr>\n<td style=\"white-space: nowrap; padding-right: 3px; padding-left: 3px;\" valign=\"top\"><strong>GARANTIE<\/strong><\/td>\n<td valign=\"top\">- Toutes nos montres Rolex Super Clone b\u00e9n\u00e9ficient d'une garantie totale de 2 ans.<br \/>- Nos montres Rolex Super Clone sont pr\u00e9cis\u00e9ment grav\u00e9es avec les num\u00e9ros de s\u00e9rie corrects et peuvent \u00eatre recoup\u00e9es.<\/td>\n<\/tr>\n<\/tbody>\n<\/table>","protected":false},"excerpt":{"rendered":"<p>Description &nbsp; Please Note: This is a Custom Made Rolex Daytona Super Clone made of Real forged Carbon Fiber. The<\/p>","protected":false},"featured_media":3332,"template":"","meta":[],"product_cat":[57],"product_tag":[],"class_list":{"0":"post-3238","1":"product","2":"type-product","3":"status-publish","4":"has-post-thumbnail","6":"product_cat-daytona","8":"first","9":"instock","10":"sale","11":"shipping-taxable","12":"purchasable","13":"product-type-variable"},"_links":{"self":[{"href":"https:\/\/rolexcopy.shop\/fr\/wp-json\/wp\/v2\/product\/3238","targetHints":{"allow":["GET"]}}],"collection":[{"href":"https:\/\/rolexcopy.shop\/fr\/wp-json\/wp\/v2\/product"}],"about":[{"href":"https:\/\/rolexcopy.shop\/fr\/wp-json\/wp\/v2\/types\/product"}],"version-history":[{"count":2,"href":"https:\/\/rolexcopy.shop\/fr\/wp-json\/wp\/v2\/product\/3238\/revisions"}],"predecessor-version":[{"id":4268,"href":"https:\/\/rolexcopy.shop\/fr\/wp-json\/wp\/v2\/product\/3238\/revisions\/4268"}],"wp:featuredmedia":[{"embeddable":true,"href":"https:\/\/rolexcopy.shop\/fr\/wp-json\/wp\/v2\/media\/3332"}],"wp:attachment":[{"href":"https:\/\/rolexcopy.shop\/fr\/wp-json\/wp\/v2\/media?parent=3238"}],"wp:term":[{"taxonomy":"product_cat","embeddable":true,"href":"https:\/\/rolexcopy.shop\/fr\/wp-json\/wp\/v2\/product_cat?post=3238"},{"taxonomy":"product_tag","embeddable":true,"href":"https:\/\/rolexcopy.shop\/fr\/wp-json\/wp\/v2\/product_tag?post=3238"}],"curies":[{"name":"wp","href":"https:\/\/api.w.org\/{rel}","templated":true}]}}