{"id":2346,"date":"2024-07-03T06:47:09","date_gmt":"2024-07-03T06:47:09","guid":{"rendered":"https:\/\/adwhtch.shop\/?post_type=product&#038;p=2346"},"modified":"2025-11-04T12:22:15","modified_gmt":"2025-11-04T04:22:15","slug":"rolex-sky-dweller-blue-dial-super-clone-swiss-replica-watch-oyster-bracelet-ref-336934-9002-swiss-movement","status":"publish","type":"product","link":"https:\/\/rolexcopy.shop\/fr\/produit\/rolex-sky-dweller-blue-dial-super-clone-swiss-replica-watch-oyster-bracelet-ref-336934-9002-swiss-movement\/","title":{"rendered":"Rolex Sky-Dweller Cadran Bleu Super Clone Suisse R\u00e9plique Montres | Bracelet Oyster Ref 336934 | 9002 Mouvement Suisse"},"content":{"rendered":"<h5 class=\"uppercase mt\">Description<\/h5>\n<table class=\"product-specs\" style=\"width: 100%;\" border=\"2px\">\n<tbody>\n<tr>\n<th style=\"text-align: center;\" colspan=\"2\"><strong>Please Note: This is the Highest Quality Swiss Replica having \u2018Exact 1:1 Calibre Super Clone Movement\u2019 and it has \u2018All Working Functions\u2019, same as Original. No Better Quality is made than this in the World \u2013 Be Rest Assured. Thank You.<\/strong><\/th>\n<\/tr>\n<tr>\n<th style=\"text-align: center;\" colspan=\"2\">\u2018ALL PRODUCT PHOTOS ABOVE ARE REAL PHOTOS OF OUR WATCHES CLICKED BY US\u2019<\/th>\n<\/tr>\n<tr>\n<td style=\"padding-right: 3px; padding-left: 3px;\" valign=\"top\"><strong>Num\u00e9ro de r\u00e9f\u00e9rence<\/strong><\/td>\n<td valign=\"top\">336934<\/td>\n<\/tr>\n<tr>\n<td style=\"white-space: nowrap; padding-right: 3px; padding-left: 3px;\" valign=\"top\"><strong>MOUVEMENT<\/strong><\/td>\n<td valign=\"top\">- Exactement 1:1 Rolex Calibre 9002 Super Clone Automatic Swiss Movement<br \/>\n&#8211; Correct Serial Numbers and Identical \u2018Rolex Geneve\u2019 \u20189002\u2019 etc, Gold Engraved Markings on all small movement parts<br \/>\n- Remontage : Remontage automatique bidirectionnel par rotor perp\u00e9tuel<br \/>\n- Oscillateur : Ressort Parachrom BLEU anti-magn\u00e9tique, identique \u00e0 l'original<br \/>\n- Mouvement de l'aiguille des secondes, 28.800 VPH (4Hz)<\/td>\n<\/tr>\n<tr>\n<td style=\"white-space: nowrap; padding-right: 3px; padding-left: 3px;\" valign=\"top\"><strong>FONCTIONS<\/strong><\/td>\n<td valign=\"top\">- 3 grandes aiguilles centrales : Il s'agit des aiguilles des heures, des minutes et des secondes.<br \/>\n- Affichage 24 heures sur le disque d\u00e9centr\u00e9 pour le r\u00e9glage du second fuseau horaire<br \/>\n- Affichage rotatif des mois par 12 ouvertures sur le pourtour du cadran, le mois en cours \u00e9tant indiqu\u00e9 par un rep\u00e8re rouge.<br \/>\n&#8211; Date window at 3 o\u2019clock<br \/>\n- Stop-secondes pour un r\u00e9glage pr\u00e9cis de l'heure<\/td>\n<\/tr>\n<tr>\n<td style=\"white-space: nowrap; padding-right: 3px; padding-left: 3px;\" valign=\"top\"><strong>CASE<\/strong><\/td>\n<td valign=\"top\">- Bo\u00eetier Oyster 42 mm<br \/>\n&#8211; Solid 904L Stainless Steel Monobloc Construction. 904 L Grade of Steel is the same steel used by Rolex in their \u2018Oystersteel\u2019 stainless steel watches and it is rust proof<br \/>\n- Fond viss\u00e9 et couronne de remontoir<br \/>\n- ROLEX ROLEX Gravure au laser sur bague Rehaut avec alignement correct<br \/>\n- Les dimensions et le poids sont identiques \u00e0 ceux de l'original (1:1)<\/td>\n<\/tr>\n<tr>\n<td style=\"white-space: nowrap; padding-right: 3px; padding-left: 3px;\" valign=\"top\"><strong>DIAL<\/strong><\/td>\n<td valign=\"top\">&#8211; Blue Dial<br \/>\n- Index et aiguilles rev\u00eatus de Superluminova bleu brillant <span class=\"st\">Phosphorescent<\/span> Lume qui brille jusqu'\u00e0 4 \u00e0 6 heures dans la nuit avec une luminosit\u00e9 uniforme<br \/>\n- Taille de police exacte 1:1 et affichage Chromalight tr\u00e8s lisible<\/td>\n<\/tr>\n<tr>\n<td style=\"white-space: nowrap; padding-right: 3px; padding-left: 3px;\" valign=\"top\"><strong>BEZEL<\/strong><\/td>\n<td valign=\"top\">- Lunette rotative (pour r\u00e9gler le marqueur rouge Monrth) dans un design cannel\u00e9<br \/>\n- Acier inoxydable 904 L<\/td>\n<\/tr>\n<tr>\n<td style=\"white-space: nowrap; padding-right: 3px; padding-left: 3px;\" valign=\"top\"><strong>BRACELET<\/strong><\/td>\n<td valign=\"top\">&#8211; Oyster Bracelet, three-piece links<br \/>\n- Fabriqu\u00e9 en acier inoxydable 904L avec rev\u00eatement anti-rayures DLC<br \/>\n- Vis solidement filet\u00e9es, permettant de retirer facilement les maillons du bracelet \u00e0 l'aide d'un petit tournevis.<br \/>\n- Boucle d\u00e9ployante Oysterclasp avec Rolex Easylink 5 mm comfort extension link, exactement comme Original<\/td>\n<\/tr>\n<tr>\n<td style=\"white-space: nowrap; padding-right: 3px; padding-left: 3px;\" valign=\"top\"><strong>CRISTAL<\/strong><\/td>\n<td valign=\"top\">- Saphir inrayable<br \/>\n- Petite couronne Rolex grav\u00e9e au laser \u00e0 6 heures<\/td>\n<\/tr>\n<tr>\n<td style=\"white-space: nowrap; padding-right: 3px; padding-left: 3px;\" valign=\"top\"><strong>PR\u00c9CISION<\/strong><\/td>\n<td valign=\"top\">- (-3\/+3 sec\/jour)<br \/>\n- Dans les limites de la certification COSC<\/td>\n<\/tr>\n<tr>\n<td style=\"padding-right: 3px; padding-left: 3px;\" valign=\"top\"><strong>R\u00c9SERVE D'\u00c9NERGIE<\/strong><\/td>\n<td valign=\"top\">- Environ 36 \u00e0 48 heures<\/td>\n<\/tr>\n<tr>\n<td style=\"padding-right: 3px; padding-left: 3px;\" valign=\"top\"><strong>R\u00c9SISTANCE \u00c0 L'EAU<\/strong><\/td>\n<td valign=\"top\">- Scell\u00e9 en usine avec un joint torique en caoutchouc et test\u00e9 individuellement pour l'\u00e9tanch\u00e9it\u00e9<br \/>\n- Couronne viss\u00e9e monobloc Triplock avec triple joint d'\u00e9tanch\u00e9it\u00e9 O-Ring en caoutchouc silicone synth\u00e9tique<\/td>\n<\/tr>\n<tr>\n<td style=\"white-space: nowrap; padding-right: 3px; padding-left: 3px;\" valign=\"top\"><strong>GARANTIE<\/strong><\/td>\n<td valign=\"top\">- Toutes nos montres Rolex Super Clone b\u00e9n\u00e9ficient d'une garantie totale de 2 ans.<br \/>\n- Nos montres Rolex Super Clone sont pr\u00e9cis\u00e9ment grav\u00e9es avec les num\u00e9ros de s\u00e9rie corrects et peuvent \u00eatre recoup\u00e9es.<\/td>\n<\/tr>\n<\/tbody>\n<\/table>","protected":false},"excerpt":{"rendered":"<p>Description Please Note: This is the Highest Quality Swiss Replica having \u2018Exact 1:1 Calibre Super Clone Movement\u2019 and it has<\/p>","protected":false},"featured_media":2402,"template":"","meta":[],"product_cat":[49],"product_tag":[],"class_list":{"0":"post-2346","1":"product","2":"type-product","3":"status-publish","4":"has-post-thumbnail","6":"product_cat-sky-dweller","8":"first","9":"instock","10":"sale","11":"shipping-taxable","12":"purchasable","13":"product-type-variable"},"_links":{"self":[{"href":"https:\/\/rolexcopy.shop\/fr\/wp-json\/wp\/v2\/product\/2346","targetHints":{"allow":["GET"]}}],"collection":[{"href":"https:\/\/rolexcopy.shop\/fr\/wp-json\/wp\/v2\/product"}],"about":[{"href":"https:\/\/rolexcopy.shop\/fr\/wp-json\/wp\/v2\/types\/product"}],"version-history":[{"count":9,"href":"https:\/\/rolexcopy.shop\/fr\/wp-json\/wp\/v2\/product\/2346\/revisions"}],"predecessor-version":[{"id":4448,"href":"https:\/\/rolexcopy.shop\/fr\/wp-json\/wp\/v2\/product\/2346\/revisions\/4448"}],"wp:featuredmedia":[{"embeddable":true,"href":"https:\/\/rolexcopy.shop\/fr\/wp-json\/wp\/v2\/media\/2402"}],"wp:attachment":[{"href":"https:\/\/rolexcopy.shop\/fr\/wp-json\/wp\/v2\/media?parent=2346"}],"wp:term":[{"taxonomy":"product_cat","embeddable":true,"href":"https:\/\/rolexcopy.shop\/fr\/wp-json\/wp\/v2\/product_cat?post=2346"},{"taxonomy":"product_tag","embeddable":true,"href":"https:\/\/rolexcopy.shop\/fr\/wp-json\/wp\/v2\/product_tag?post=2346"}],"curies":[{"name":"wp","href":"https:\/\/api.w.org\/{rel}","templated":true}]}}