{"id":2211,"date":"2024-07-03T06:46:23","date_gmt":"2024-07-03T06:46:23","guid":{"rendered":"https:\/\/adwhtch.shop\/?post_type=product&#038;p=2211"},"modified":"2024-09-07T13:07:57","modified_gmt":"2024-09-07T05:07:57","slug":"rolex-milgauss-super-clone-swiss-replica-watch-z-blue-dial-ref-116400gv-3131-swiss-movement-with-magnetic-fields-shielding-system","status":"publish","type":"product","link":"https:\/\/rolexcopy.shop\/fr\/produit\/rolex-milgauss-super-clone-swiss-replica-watch-z-blue-dial-ref-116400gv-3131-swiss-movement-with-magnetic-fields-shielding-system\/","title":{"rendered":"Rolex Milgauss Super Clone Swiss Replica Watch | Z-Blue Dial Ref 116400GV | 3131 Swiss Movement with Magnetic Fields Shielding System"},"content":{"rendered":"<h5 class=\"uppercase mt\">Description<\/h5>\n<table class=\"product-specs\" style=\"width: 100%;\" border=\"2px\">\n<tbody>\n<tr>\n<th style=\"text-align: center;\" colspan=\"2\"><strong>Remarque : il s'agit d'une r\u00e9plique suisse de la plus haute qualit\u00e9, dot\u00e9e d'un \"mouvement super clone de calibre 1:1 exact\" et de \"toutes les fonctions\", comme l'original. Il n'existe pas de r\u00e9plique de meilleure qualit\u00e9 dans le monde - Soyez rassur\u00e9. Nous vous remercions.<\/strong><\/th>\n<\/tr>\n<tr>\n<th style=\"text-align: center;\" colspan=\"2\">TOUTES LES PHOTOS DE PRODUITS CI-DESSUS SONT DES PHOTOS R\u00c9ELLES DE NOS MONTRES PRISES PAR NOS SOINS.<\/th>\n<\/tr>\n<tr>\n<td style=\"padding-right: 3px; padding-left: 3px;\" valign=\"top\"><strong>Num\u00e9ro de r\u00e9f\u00e9rence<\/strong><\/td>\n<td valign=\"top\">116400GV<\/td>\n<\/tr>\n<tr>\n<td style=\"white-space: nowrap; padding-right: 3px; padding-left: 3px;\" valign=\"top\"><strong>MOUVEMENT<\/strong><\/td>\n<td valign=\"top\">&#8211; Exact 1:1 Rolex Calibre 3131 Super Clone Automatic Swiss Movement with Magnetic Fields Shielding System<br \/>&#8211; Correct Serial Numbers and Identical &#8216;Rolex Geneve&#8217; &#8216;3131&#8217; etc, Gold Engraved Markings on all small movement parts<br \/>- Remontage : Remontage automatique bidirectionnel par rotor perp\u00e9tuel<br \/>- Oscillateur : Ressort Parachrom BLEU anti-magn\u00e9tique, identique \u00e0 l'original<br \/>- Mouvement de l'aiguille des secondes, 28.800 VPH (4Hz)<br \/>- Lubrification suisse \u00e0 l'huile nanom\u00e9trique, de sorte que nos mouvements n'\u00e9mettent pas de \"bruit de cliquetis\" \u00e0 l'int\u00e9rieur du mouvement comme toutes les autres r\u00e9pliques de montres Rolex bon march\u00e9.<br \/>- Toutes les pi\u00e8ces sont interchangeables avec l'original<\/td>\n<\/tr>\n<tr>\n<td style=\"white-space: nowrap; padding-right: 3px; padding-left: 3px;\" valign=\"top\"><strong>FONCTIONS<\/strong><\/td>\n<td valign=\"top\">&#8211; 3 Big Center Hands: These are Hour, Minute &amp; Orange Seconds hands<br \/>- Stop-secondes pour un r\u00e9glage pr\u00e9cis de l'heure<\/td>\n<\/tr>\n<tr>\n<td style=\"white-space: nowrap; padding-right: 3px; padding-left: 3px;\" valign=\"top\"><strong>CASE<\/strong><\/td>\n<td valign=\"top\">&#8211; 40mm Oyster Case<br \/>- Construction monobloc solide en acier inoxydable 904L. L'acier 904 L est le m\u00eame que celui utilis\u00e9 par Rolex pour ses montres en acier inoxydable \"Oystersteel\" et il est inoxydable.<br \/>- Fond viss\u00e9 et couronne de remontoir<br \/>- ROLEX ROLEX Gravure au laser sur bague Rehaut avec alignement correct<br \/>- Les dimensions et le poids sont identiques \u00e0 ceux de l'original (1:1)<\/td>\n<\/tr>\n<tr>\n<td style=\"white-space: nowrap; padding-right: 3px; padding-left: 3px;\" valign=\"top\"><strong>DIAL<\/strong><\/td>\n<td valign=\"top\">&#8211; Z-Blue Dial<br \/>- Index et aiguilles rev\u00eatus de Superluminova bleu brillant <span class=\"st\">Phosphorescent<\/span> Lume qui brille jusqu'\u00e0 4 \u00e0 6 heures dans la nuit avec une luminosit\u00e9 uniforme<br \/>- Taille de police exacte 1:1 et affichage Chromalight tr\u00e8s lisible<\/td>\n<\/tr>\n<tr>\n<td style=\"white-space: nowrap; padding-right: 3px; padding-left: 3px;\" valign=\"top\"><strong>BEZEL<\/strong><\/td>\n<td valign=\"top\">&#8211; Smooth, 904 L Stainless Steel Bezel<\/td>\n<\/tr>\n<tr>\n<td style=\"white-space: nowrap; padding-right: 3px; padding-left: 3px;\" valign=\"top\"><strong>BRACELET<\/strong><\/td>\n<td valign=\"top\">&#8211; Oyster Bracelet, three-piece links<br \/>- Fabriqu\u00e9 en acier inoxydable 904L avec rev\u00eatement anti-rayures DLC<br \/>- Vis solidement filet\u00e9es, permettant de retirer facilement les maillons du bracelet \u00e0 l'aide d'un petit tournevis.<br \/>- Boucle d\u00e9ployante Oysterclasp avec maillon d'extension confort Easylink 5 mm, exactement comme l'original<\/td>\n<\/tr>\n<tr>\n<td style=\"white-space: nowrap; padding-right: 3px; padding-left: 3px;\" valign=\"top\"><strong>CRISTAL<\/strong><\/td>\n<td valign=\"top\">&#8211; Green Sapphire, Scratch-resistant Glass<br \/>- Petite couronne Rolex grav\u00e9e au laser \u00e0 6 heures<\/td>\n<\/tr>\n<tr>\n<td style=\"white-space: nowrap; padding-right: 3px; padding-left: 3px;\" valign=\"top\"><strong>PR\u00c9CISION<\/strong><\/td>\n<td valign=\"top\">- (-3\/+3 sec\/jour)<br \/>- Dans les limites de la certification COSC<\/td>\n<\/tr>\n<tr>\n<td style=\"padding-right: 3px; padding-left: 3px;\" valign=\"top\"><strong>R\u00c9SERVE D'\u00c9NERGIE<\/strong><\/td>\n<td valign=\"top\">- Environ 36 \u00e0 48 heures<\/td>\n<\/tr>\n<tr>\n<td style=\"padding-right: 3px; padding-left: 3px;\" valign=\"top\"><strong>R\u00c9SISTANCE \u00c0 L'EAU<\/strong><\/td>\n<td valign=\"top\">- Scell\u00e9 en usine avec un joint torique en caoutchouc et test\u00e9 individuellement pour l'\u00e9tanch\u00e9it\u00e9<br \/>- Viss\u00e9, syst\u00e8me de double \u00e9tanch\u00e9it\u00e9 Twinlock crown<\/td>\n<\/tr>\n<tr>\n<td style=\"white-space: nowrap; padding-right: 3px; padding-left: 3px;\" valign=\"top\"><strong>GARANTIE<\/strong><\/td>\n<td valign=\"top\">- Toutes nos montres Rolex Super Clone b\u00e9n\u00e9ficient d'une garantie totale de 2 ans.<br \/>- Nos montres Rolex Super Clone sont pr\u00e9cis\u00e9ment grav\u00e9es avec les num\u00e9ros de s\u00e9rie corrects et peuvent \u00eatre recoup\u00e9es.<\/td>\n<\/tr>\n<\/tbody>\n<\/table>","protected":false},"excerpt":{"rendered":"<p>Description : Il s'agit d'une r\u00e9plique suisse de la plus haute qualit\u00e9, dot\u00e9e d'un \"mouvement super clone de calibre exact 1:1\".<\/p>","protected":false},"featured_media":2252,"template":"","meta":[],"product_cat":[36],"product_tag":[],"class_list":{"0":"post-2211","1":"product","2":"type-product","3":"status-publish","4":"has-post-thumbnail","6":"product_cat-rolex-mens","8":"first","9":"instock","10":"sale","11":"shipping-taxable","12":"purchasable","13":"product-type-variable"},"_links":{"self":[{"href":"https:\/\/rolexcopy.shop\/fr\/wp-json\/wp\/v2\/product\/2211","targetHints":{"allow":["GET"]}}],"collection":[{"href":"https:\/\/rolexcopy.shop\/fr\/wp-json\/wp\/v2\/product"}],"about":[{"href":"https:\/\/rolexcopy.shop\/fr\/wp-json\/wp\/v2\/types\/product"}],"version-history":[{"count":2,"href":"https:\/\/rolexcopy.shop\/fr\/wp-json\/wp\/v2\/product\/2211\/revisions"}],"predecessor-version":[{"id":4184,"href":"https:\/\/rolexcopy.shop\/fr\/wp-json\/wp\/v2\/product\/2211\/revisions\/4184"}],"wp:featuredmedia":[{"embeddable":true,"href":"https:\/\/rolexcopy.shop\/fr\/wp-json\/wp\/v2\/media\/2252"}],"wp:attachment":[{"href":"https:\/\/rolexcopy.shop\/fr\/wp-json\/wp\/v2\/media?parent=2211"}],"wp:term":[{"taxonomy":"product_cat","embeddable":true,"href":"https:\/\/rolexcopy.shop\/fr\/wp-json\/wp\/v2\/product_cat?post=2211"},{"taxonomy":"product_tag","embeddable":true,"href":"https:\/\/rolexcopy.shop\/fr\/wp-json\/wp\/v2\/product_tag?post=2211"}],"curies":[{"name":"wp","href":"https:\/\/api.w.org\/{rel}","templated":true}]}}