{"id":81,"date":"2024-04-04T16:02:20","date_gmt":"2024-04-04T16:02:20","guid":{"rendered":"https:\/\/qiuyi2.me6.shop\/?page_id=81"},"modified":"2024-04-04T16:03:30","modified_gmt":"2024-04-04T16:03:30","slug":"shipping-policy","status":"publish","type":"page","link":"https:\/\/rolexcopy.shop\/fr\/shipping-policy\/","title":{"rendered":"Politique d'exp\u00e9dition"},"content":{"rendered":"<div data-elementor-type=\"wp-page\" data-elementor-id=\"81\" class=\"elementor elementor-81\" data-elementor-post-type=\"page\">\n\t\t\t\t\t\t<section class=\"wd-negative-gap elementor-section elementor-top-section elementor-element elementor-element-1e0f0d96 wd-section-stretch elementor-section-boxed elementor-section-height-default elementor-section-height-default\" data-id=\"1e0f0d96\" data-element_type=\"section\">\n\t\t\t\t\t\t<div class=\"elementor-container elementor-column-gap-default\">\n\t\t\t\t\t<div class=\"elementor-column elementor-col-100 elementor-top-column elementor-element elementor-element-e71b457\" data-id=\"e71b457\" data-element_type=\"column\">\n\t\t\t<div class=\"elementor-widget-wrap elementor-element-populated\">\n\t\t\t\t\t\t<div class=\"elementor-element elementor-element-5f4487a0 elementor-widget elementor-widget-heading\" data-id=\"5f4487a0\" data-element_type=\"widget\" data-widget_type=\"heading.default\">\n\t\t\t\t<div class=\"elementor-widget-container\">\n\t\t\t<style>\/*! elementor - v3.21.0 - 24-04-2024 *\/\n.elementor-heading-title{padding:0;margin:0;line-height:1}.elementor-widget-heading .elementor-heading-title[class*=elementor-size-]>a{color:inherit;font-size:inherit;line-height:inherit}.elementor-widget-heading .elementor-heading-title.elementor-size-small{font-size:15px}.elementor-widget-heading .elementor-heading-title.elementor-size-medium{font-size:19px}.elementor-widget-heading .elementor-heading-title.elementor-size-large{font-size:29px}.elementor-widget-heading .elementor-heading-title.elementor-size-xl{font-size:39px}.elementor-widget-heading .elementor-heading-title.elementor-size-xxl{font-size:59px}<\/style><h2 class=\"elementor-heading-title elementor-size-default\">Politique d'exp\u00e9dition<\/h2>\t\t<\/div>\n\t\t\t\t<\/div>\n\t\t\t\t<div class=\"elementor-element elementor-element-56138e64 text-center wd-single-breadcrumbs wd-breadcrumbs elementor-widget elementor-widget-wd_wc_breadcrumb\" data-id=\"56138e64\" data-element_type=\"widget\" data-widget_type=\"wd_wc_breadcrumb.default\">\n\t\t\t\t<div class=\"elementor-widget-container\">\n\t\t\t<nav class=\"woocommerce-breadcrumb\" aria-label=\"Fil d&#039;Ariane\">\t\t\t\t<span class=\"breadcrumb-last\">\n\t\t\t\t\tAccueil\t\t\t\t<\/span>\n\t\t\t<\/nav>\t\t<\/div>\n\t\t\t\t<\/div>\n\t\t\t\t\t<\/div>\n\t\t<\/div>\n\t\t\t\t\t<\/div>\n\t\t<\/section>\n\t\t\t\t<section class=\"elementor-section elementor-top-section elementor-element elementor-element-73cecbce elementor-section-boxed elementor-section-height-default elementor-section-height-default\" data-id=\"73cecbce\" data-element_type=\"section\">\n\t\t\t\t\t\t<div class=\"elementor-container elementor-column-gap-default\">\n\t\t\t\t\t<div class=\"elementor-column elementor-col-100 elementor-top-column elementor-element elementor-element-1b6a187b\" data-id=\"1b6a187b\" data-element_type=\"column\">\n\t\t\t<div class=\"elementor-widget-wrap elementor-element-populated\">\n\t\t\t\t\t\t<div class=\"elementor-element elementor-element-4175dfe2 color-scheme-inherit text-left elementor-widget elementor-widget-text-editor\" data-id=\"4175dfe2\" data-element_type=\"widget\" data-widget_type=\"text-editor.default\">\n\t\t\t\t<div class=\"elementor-widget-container\">\n\t\t\t<style>\/*! elementor - v3.21.0 - 24-04-2024 *\/\n.elementor-widget-text-editor.elementor-drop-cap-view-stacked .elementor-drop-cap{background-color:#69727d;color:#fff}.elementor-widget-text-editor.elementor-drop-cap-view-framed .elementor-drop-cap{color:#69727d;border:3px solid;background-color:transparent}.elementor-widget-text-editor:not(.elementor-drop-cap-view-default) .elementor-drop-cap{margin-top:8px}.elementor-widget-text-editor:not(.elementor-drop-cap-view-default) .elementor-drop-cap-letter{width:1em;height:1em}.elementor-widget-text-editor .elementor-drop-cap{float:right;text-align:center;line-height:1;font-size:50px}.elementor-widget-text-editor .elementor-drop-cap-letter{display:inline-block}<\/style>\t\t\t\t<p><strong>Nous sommes fiers de proposer des services d'exp\u00e9dition internationale qui op\u00e8rent actuellement aux \u00c9tats-Unis et dans plus de 200 pays dans le monde. Pour nous, rien n'est plus important que d'offrir \u00e0 nos clients une valeur ajout\u00e9e et un service de qualit\u00e9. Nous continuerons \u00e0 nous d\u00e9velopper pour r\u00e9pondre aux besoins de tous nos clients, en fournissant un service au-del\u00e0 de toute attente, partout dans le monde.<\/strong><\/p><figure class=\"wp-block-table\"><table><tbody><tr><td>\u00a0<\/td><td>LIVRAISON STANDARD GRATUITE<br \/>OU [TAUX D'\u00c9CONOMIE CALCUL\u00c9](7-15 jours ouvrables)<\/td><td>EXP\u00c9DITION ET MANUTENTION INTERNATIONALES PRIORITAIRES<br \/>*CALCUL\u00c9 LORS DE LA COMMANDE<br \/>(5-10 jours ouvrables)<\/td><\/tr><tr><td>Confiscation douani\u00e8re<\/td><td>Non couvert<\/td><td>Non couvert (option suppl\u00e9mentaire disponible lors de la commande, frais 7% d\u00e9duits du montant total de la commande)<\/td><\/tr><tr><td>Protection suppl\u00e9mentaire sur l'emballage de la commande<\/td><td>NON<\/td><td>OUI<\/td><\/tr><tr><td>D\u00e9tails de suivi ?<\/td><td>OUI<\/td><td>OUI<\/td><\/tr><tr><td>D\u00e9lai de traitement des commandes<\/td><td>2-3 jours (hors week-ends et jours f\u00e9ri\u00e9s)<\/td><td>sous 24 heures (hors week-ends et jours f\u00e9ri\u00e9s)<\/td><\/tr><tr><td>Courrier\/agent d'exp\u00e9dition<\/td><td>DHL\/UPS\/EMS\/DPD\/FEDEX<\/td><td>DHL\/UPS\/EMS\/DPD\/FEDEX<\/td><\/tr><tr><td>D\u00e9lai de livraison aux \u00c9tats-Unis et au Canada<\/td><td>7-12 jours<\/td><td>5-7 jours<\/td><\/tr><tr><td>D\u00e9lai de livraison au Royaume-Uni<\/td><td>7-15 jours<\/td><td>6-10 jours<\/td><\/tr><tr><td>D\u00e9lai de livraison en Europe<\/td><td>7-15 jours<\/td><td>6-10 jours<\/td><\/tr><tr><td>Reste du monde<\/td><td>6-20 jours<\/td><td>6-15 jours<\/td><\/tr><tr><td>Pays dans lesquels nous ne livrons pas<\/td><td>Chine, Cor\u00e9e du Nord<\/td><td>Chine, Cor\u00e9e du Nord<\/td><\/tr><\/tbody><\/table><\/figure><p>\u00a0<\/p><p><strong>QUESTION:Pourquoi certaines commandes mettent-elles jusqu'\u00e0 15 jours ou plus pour \u00eatre exp\u00e9di\u00e9es ?<\/strong><\/p><p>R\u00c9PONSE : En raison des niveaux \u00e9lev\u00e9s de fraude \u00e0 la carte bancaire, nous v\u00e9rifions chaque commande individuellement. Nous soumettons \u00e9galement chaque commande suspect\u00e9e de fraude \u00e0 notre processeur CC pour v\u00e9rification. Ce processus peut prendre un certain temps, mais comme nous r\u00e9alisons des b\u00e9n\u00e9fices minimes sur les produits, nous ne pouvons pas nous permettre de perdre des commandes \u00e0 cause de la fraude. Nous appr\u00e9cions votre patience et vous remercions de votre confiance.<\/p><p>Une fois votre commande pass\u00e9e avec succ\u00e8s, vous recevrez un courriel de confirmation. Une fois la commande exp\u00e9di\u00e9e, vous recevrez un second courriel contenant les informations de suivi. Il peut arriver que les courriels de confirmation d'exp\u00e9dition soient envoy\u00e9s sans num\u00e9ro de suivi. Dans ce cas, vous recevrez un deuxi\u00e8me courriel de confirmation lorsque l'entrep\u00f4t aura associ\u00e9 le num\u00e9ro de suivi \u00e0 votre commande. Veuillez pr\u00e9voir un d\u00e9lai de 72 heures pour la mise \u00e0 jour de vos informations de suivi.<\/p><p><strong>COMMENT SE PR\u00c9SENTE LA LIVRAISON GRATUITE LORSQUE JE RE\u00c7OIS MA COMMANDE ?<\/strong><br \/>*D\u00e9ni de responsabilit\u00e9 : Des dommages mineurs peuvent encore se produire sur la bo\u00eete pendant la livraison, car chaque pays ou service dans le monde traite les colis diff\u00e9remment.<\/p><p><strong>COMMENT SE PR\u00c9SENTE L'EXP\u00c9DITION PRIORITAIRE PAY\u00c9E LORSQUE JE RE\u00c7OIS MA COMMANDE ?<\/strong><br \/>L'exp\u00e9dition prioritaire pay\u00e9e offre une protection suppl\u00e9mentaire pour votre commande et un temps de traitement prioritaire, ce qui signifie que vous n'avez pas \u00e0 attendre que d'autres commandes soient trait\u00e9es en premier (ce qui permet de gagner jusqu'\u00e0 3 \u00e0 5 jours), ni \u00e0 risquer une rupture de stock, et que vous \u00eates assur\u00e9 de b\u00e9n\u00e9ficier de l'option d'exp\u00e9dition la plus s\u00fbre possible.<\/p><p><strong>Nous livrons \u00e0 :<\/strong><br \/>Asie : Hong Kong, Indon\u00e9sie, Japon, Malaisie, Macao, Philippines, Singapour, Cor\u00e9e du Sud, Tha\u00eflande, Ta\u00efwan via EMS\/DHL.<br \/>Autres pays d'Asie : Inde, Kirghizstan, Oman, Y\u00e9men, Arabie Saoudite, Turkm\u00e9nistan, Tadjikistan, Arabie Saoudite, Ouzb\u00e9kistan via Aramex\/DHL.<br \/>Am\u00e9rique : \u00c9tats-Unis et Canada via DHL.<br \/>Autres pays d'Am\u00e9rique : Argentine, Br\u00e9sil, Porto Rico, Mexique, P\u00e9rou, Chili, etc., via DHL.<br \/>Principale Europe : Autriche, Belgique, R\u00e9publique tch\u00e8que, Danemark, Allemagne, France, Finlande, Hongrie, Irlande, Italie, Pays-Bas, Norv\u00e8ge, Espagne, Suisse, Su\u00e8de, Slovaquie, Royaume-Uni, etc. via DHL\/Fedex\/DPD.<br \/>Autres pays d'Europe : Roumanie, Russie, Ukraine, Turquie, Portugal, Estonie, Gr\u00e8ce, etc., via EMS\/DHL\/Fedex\/DPD.<br \/>Oc\u00e9anie : Australie et Nouvelle-Z\u00e9lande via EMS.<\/p><p><strong>Commandes en souffrance<\/strong><br \/>Nous ne pouvons pas garantir que nous aurons tous les articles en stock tout le temps, si votre article n'est pas en stock et ne devrait pas \u00eatre en stock dans les deux jours ouvrables, nous vous contacterons avec les d\u00e9tails de la commande en souffrance ou un article de remplacement possible s'il y en a un de disponible ou nous pouvons vous rembourser le montant total sous forme de cr\u00e9dits de magasin \u00e0 vie. Si vous avez un besoin critique ou urgent, n'h\u00e9sitez pas \u00e0 nous envoyer un e-mail ou un message direct sur Instagram pour vous assurer que votre commande vous parvienne d\u00e8s que vous en avez besoin.<\/p><p><strong>Garantie de livraison<\/strong><\/p><ol><li>Votre commande vous sera exp\u00e9di\u00e9e en toute s\u00e9curit\u00e9.<\/li><li>Assurez-vous que quelqu'un sera disponible pour r\u00e9ceptionner votre commande, sinon votre colis pourrait nous \u00eatre retourn\u00e9.<\/li><\/ol><p><strong>Retards<\/strong><\/p><p>Les dates de livraison ne sont pas garanties et votre commande peut arriver apr\u00e8s la date d'arriv\u00e9e estim\u00e9e pour diverses raisons, telles que<br \/>1. Retards dus aux conditions m\u00e9t\u00e9orologiques<br \/>2. Livraison en dehors des grandes villes<br \/>3. Retards impr\u00e9vus de l'un de nos transporteurs<br \/>4. Retards dans l'indisponibilit\u00e9 du (des) produit(s)<br \/>5. La livraison est effectu\u00e9e \u00e0 une bo\u00eete postale ou \u00e0 une adresse APO\/FPO.<br \/>6. Retards dus \u00e0 des commandes pass\u00e9es un jour f\u00e9ri\u00e9<br \/>7. Retards dus \u00e0 des probl\u00e8mes d'autorisation et de v\u00e9rification des cartes de cr\u00e9dit<\/p>\t\t\t\t\t\t<\/div>\n\t\t\t\t<\/div>\n\t\t\t\t\t<\/div>\n\t\t<\/div>\n\t\t\t\t\t<\/div>\n\t\t<\/section>\n\t\t\t\t<\/div>","protected":false},"excerpt":{"rendered":"<p>\u9996\u9875 We are proud to offer international shipping services that currently operates in the US and over 200 countries worldwide.<\/p>","protected":false},"author":1,"featured_media":0,"parent":0,"menu_order":0,"comment_status":"closed","ping_status":"closed","template":"elementor_header_footer","meta":{"footnotes":""},"class_list":["post-81","page","type-page","status-publish","hentry"],"_links":{"self":[{"href":"https:\/\/rolexcopy.shop\/fr\/wp-json\/wp\/v2\/pages\/81","targetHints":{"allow":["GET"]}}],"collection":[{"href":"https:\/\/rolexcopy.shop\/fr\/wp-json\/wp\/v2\/pages"}],"about":[{"href":"https:\/\/rolexcopy.shop\/fr\/wp-json\/wp\/v2\/types\/page"}],"author":[{"embeddable":true,"href":"https:\/\/rolexcopy.shop\/fr\/wp-json\/wp\/v2\/users\/1"}],"replies":[{"embeddable":true,"href":"https:\/\/rolexcopy.shop\/fr\/wp-json\/wp\/v2\/comments?post=81"}],"version-history":[{"count":4,"href":"https:\/\/rolexcopy.shop\/fr\/wp-json\/wp\/v2\/pages\/81\/revisions"}],"predecessor-version":[{"id":88,"href":"https:\/\/rolexcopy.shop\/fr\/wp-json\/wp\/v2\/pages\/81\/revisions\/88"}],"wp:attachment":[{"href":"https:\/\/rolexcopy.shop\/fr\/wp-json\/wp\/v2\/media?parent=81"}],"curies":[{"name":"wp","href":"https:\/\/api.w.org\/{rel}","templated":true}]}}