{"id":3487,"date":"2024-07-03T06:54:12","date_gmt":"2024-07-03T06:54:12","guid":{"rendered":"https:\/\/adwhtch.shop\/?post_type=product&#038;p=3487"},"modified":"2025-03-10T05:29:08","modified_gmt":"2025-03-09T21:29:08","slug":"rolex-daytona-paul-newman-super-clone-swiss-replica-watch-ref-6241-vintage-white-panda-dial-manual-winding-722-1-swiss-clone-movement","status":"publish","type":"product","link":"https:\/\/rolexcopy.shop\/es\/producto\/rolex-daytona-paul-newman-super-clone-swiss-replica-watch-ref-6241-vintage-white-panda-dial-manual-winding-722-1-swiss-clone-movement\/","title":{"rendered":"Rolex Daytona Paul Newman Super Clone Swiss Replica Watch | Ref 6241 | Vintage White &#8216;Panda&#8217; Dial | Manual Winding 722-1 Swiss Clone Movement"},"content":{"rendered":"<h5 class=\"uppercase mt\">Descripci\u00f3n<\/h5>\n<table class=\"product-specs\" style=\"width: 100%;\" border=\"2px\">\n<tbody>\n<tr>\n<th style=\"text-align: center;\" colspan=\"2\"><strong>Please Note: This is a 1:1 Super Clone Replica of the Rolex Daytona Paul Newman Vintage &#8216;Panda&#8217; Dial Watch with a Manual Winding 722-1 Swiss Clone Movement and it has &#8216;All Working Functions&#8217;, same as Original. No Better Quality is made than this in the World &#8211; Be Rest Assured. Thank You.<\/strong><\/th>\n<\/tr>\n<tr>\n<th style=\"text-align: center;\" colspan=\"2\">'TODAS LAS FOTOS DE PRODUCTOS ANTERIORES SON FOTOS REALES DE NUESTROS RELOJES HECHAS POR NOSOTROS'<\/th>\n<\/tr>\n<tr>\n<td style=\"padding-right: 3px; padding-left: 3px;\" valign=\"top\"><strong>N\u00ba de referencia<\/strong><\/td>\n<td valign=\"top\">6241<\/td>\n<\/tr>\n<tr>\n<td style=\"white-space: nowrap; padding-right: 3px; padding-left: 3px;\" valign=\"top\"><strong>MOVIMIENTO<\/strong><\/td>\n<td valign=\"top\">&#8211; Exact 1:1 Rolex Calibre 722-1 Manual Winding Chronograph Super Clone Vintage Swiss Movement<br \/>&#8211; All 3 Working Chronographs with Stop Watch Functions, Exactly Same as Original<br \/>&#8211; Manual Winding<br \/>&#8211; Smooth Sweeping Seconds Hand Motion<br \/>- Todas las piezas son intercambiables con el original<\/td>\n<\/tr>\n<tr>\n<td style=\"white-space: nowrap; padding-right: 3px; padding-left: 3px;\" valign=\"top\"><strong>FUNCIONES<\/strong><\/td>\n<td valign=\"top\">- 3 Grandes Manecillas Centrales: Son las manecillas de las horas, los minutos y los segundos<br \/>&#8211; 3 Small Chronograph Hands: Running Seconds at 9 o&#8217;clock, 30 Minute Counter at 3 o&#8217;clock, 12 Hour Counter at 6 o&#8217;clock<br \/>&#8211; Stop Watch Chronograph Function which can be operated by using the Right Side Top and Bottom Push Buttons<br \/>- Parada-segundos para un ajuste preciso de la hora<\/td>\n<\/tr>\n<tr>\n<td style=\"white-space: nowrap; padding-right: 3px; padding-left: 3px;\" valign=\"top\"><strong>CASO<\/strong><\/td>\n<td valign=\"top\">&#8211; 37mm<br \/>&#8211; Solid 316L Stainless Steel Monobloc Construction<br \/>&#8211; Screw-Down Case-Back<br \/>- Las dimensiones y el peso son exactamente 1:1 id\u00e9nticos a los del original<\/td>\n<\/tr>\n<tr>\n<td style=\"white-space: nowrap; padding-right: 3px; padding-left: 3px;\" valign=\"top\"><strong>MARCAR<\/strong><\/td>\n<td valign=\"top\">&#8211; Vintage White &#8216;Panda&#8217; Dial<br \/>- Marcadores horarios y agujas recubiertos de brillante luminiscencia azul Superluminova <span class=\"st\">Fosforescente<\/span> Lume que brilla hasta 4 \u00f3 6 horas por la noche con una luminosidad uniforme en toda su extensi\u00f3n<br \/>&#8211; Exact 1:1 Correct Font Sizes<\/td>\n<\/tr>\n<tr>\n<td style=\"white-space: nowrap; padding-right: 3px; padding-left: 3px;\" valign=\"top\"><strong>BEZEL<\/strong><\/td>\n<td valign=\"top\">&#8211; Fixed (does not move) Bezel with engraved tachymetric scale<\/td>\n<\/tr>\n<tr>\n<td style=\"white-space: nowrap; padding-right: 3px; padding-left: 3px;\" valign=\"top\"><strong>PULSERA<\/strong><\/td>\n<td valign=\"top\">&#8211; Oyster design, flat three-piece links<br \/>&#8211; Made with Solid 316L Grade Stainless Steel<br \/>- S\u00f3lidos tornillos roscados, para que pueda retirar f\u00e1cilmente los eslabones de la pulsera con un peque\u00f1o destornillador<br \/>&#8211; Folding Clasp with all Rolex Brand Markings<\/td>\n<\/tr>\n<tr>\n<td style=\"white-space: nowrap; padding-right: 3px; padding-left: 3px;\" valign=\"top\"><strong>CRISTAL<\/strong><\/td>\n<td valign=\"top\">&#8211; Plexiglass<\/td>\n<\/tr>\n<tr>\n<td style=\"white-space: nowrap; padding-right: 3px; padding-left: 3px;\" valign=\"top\"><strong>PRECISI\u00d3N<\/strong><\/td>\n<td valign=\"top\">- (-3\/+3 seg\/d\u00eda)<br \/>- Dentro de los l\u00edmites de la certificaci\u00f3n COSC<\/td>\n<\/tr>\n<tr>\n<td style=\"padding-right: 3px; padding-left: 3px;\" valign=\"top\"><strong>RESERVA DE ENERG\u00cdA<\/strong><\/td>\n<td valign=\"top\">- Aproximadamente de 36 a 48 horas<\/td>\n<\/tr>\n<tr>\n<td style=\"padding-right: 3px; padding-left: 3px;\" valign=\"top\"><strong>RESISTENCIA AL AGUA<\/strong><\/td>\n<td valign=\"top\">&#8211; Yes<\/td>\n<\/tr>\n<tr>\n<td style=\"white-space: nowrap; padding-right: 3px; padding-left: 3px;\" valign=\"top\"><strong>GARANT\u00cdA<\/strong><\/td>\n<td valign=\"top\">- Todos nuestros relojes Rolex Super Clone tienen una garant\u00eda completa de 2 a\u00f1os<br \/>- Nuestros relojes Rolex Super Clone est\u00e1n grabados con precisi\u00f3n con los n\u00fameros de serie correctos y se pueden cotejar<\/td>\n<\/tr>\n<\/tbody>\n<\/table>","protected":false},"excerpt":{"rendered":"<p>Description Please Note: This is a 1:1 Super Clone Replica of the Rolex Daytona Paul Newman Vintage &#8216;Panda&#8217; Dial Watch<\/p>","protected":false},"featured_media":3565,"template":"","meta":[],"product_cat":[57],"product_tag":[],"class_list":{"0":"post-3487","1":"product","2":"type-product","3":"status-publish","4":"has-post-thumbnail","6":"product_cat-daytona","8":"first","9":"instock","10":"sale","11":"shipping-taxable","12":"purchasable","13":"product-type-variable"},"_links":{"self":[{"href":"https:\/\/rolexcopy.shop\/es\/wp-json\/wp\/v2\/product\/3487","targetHints":{"allow":["GET"]}}],"collection":[{"href":"https:\/\/rolexcopy.shop\/es\/wp-json\/wp\/v2\/product"}],"about":[{"href":"https:\/\/rolexcopy.shop\/es\/wp-json\/wp\/v2\/types\/product"}],"version-history":[{"count":3,"href":"https:\/\/rolexcopy.shop\/es\/wp-json\/wp\/v2\/product\/3487\/revisions"}],"predecessor-version":[{"id":4407,"href":"https:\/\/rolexcopy.shop\/es\/wp-json\/wp\/v2\/product\/3487\/revisions\/4407"}],"wp:featuredmedia":[{"embeddable":true,"href":"https:\/\/rolexcopy.shop\/es\/wp-json\/wp\/v2\/media\/3565"}],"wp:attachment":[{"href":"https:\/\/rolexcopy.shop\/es\/wp-json\/wp\/v2\/media?parent=3487"}],"wp:term":[{"taxonomy":"product_cat","embeddable":true,"href":"https:\/\/rolexcopy.shop\/es\/wp-json\/wp\/v2\/product_cat?post=3487"},{"taxonomy":"product_tag","embeddable":true,"href":"https:\/\/rolexcopy.shop\/es\/wp-json\/wp\/v2\/product_tag?post=3487"}],"curies":[{"name":"wp","href":"https:\/\/api.w.org\/{rel}","templated":true}]}}