{"id":2800,"date":"2024-07-03T06:49:53","date_gmt":"2024-07-03T06:49:53","guid":{"rendered":"https:\/\/adwhtch.shop\/?post_type=product&#038;p=2800"},"modified":"2025-03-26T11:34:17","modified_gmt":"2025-03-26T03:34:17","slug":"rolex-datejust-41mm-super-clone-swiss-replica-watch-blue-dial-ref-126334-3235-swiss-movement","status":"publish","type":"product","link":"https:\/\/rolexcopy.shop\/es\/producto\/rolex-datejust-41mm-super-clone-swiss-replica-watch-blue-dial-ref-126334-3235-swiss-movement\/","title":{"rendered":"Rolex Datejust 41mm Super Clone R\u00e9plica de Reloj Suizo | Esfera Azul Ref 126334 | 3235 Movimiento Suizo"},"content":{"rendered":"<h5 class=\"uppercase mt\">Descripci\u00f3n<\/h5>\n<table class=\"product-specs\" style=\"width: 100%;\" border=\"2px\">\n<tbody>\n<tr>\n<th style=\"text-align: center;\" colspan=\"2\"><strong>Please Note: This is the Highest Quality Swiss Replica having \u2018Exact 1:1 Calibre Super Clone Movement\u2019 and it has \u2018All Working Functions\u2019, same as Original. No Better Quality is made than this in the World \u2013 Be Rest Assured. Thank You.<\/strong><\/th>\n<\/tr>\n<tr>\n<th style=\"text-align: center;\" colspan=\"2\">\u2018ALL PRODUCT PHOTOS ABOVE ARE REAL PHOTOS OF OUR WATCHES CLICKED BY US\u2019<\/th>\n<\/tr>\n<tr>\n<td style=\"padding-right: 3px; padding-left: 3px;\" valign=\"top\"><strong>N\u00ba de referencia<\/strong><\/td>\n<td valign=\"top\">126334<\/td>\n<\/tr>\n<tr>\n<td style=\"white-space: nowrap; padding-right: 3px; padding-left: 3px;\" valign=\"top\"><strong>MOVIMIENTO<\/strong><\/td>\n<td valign=\"top\">- Movimiento autom\u00e1tico suizo Rolex Calibre 3235 Super Clone exacto 1:1<br \/>\n&#8211; Correct Serial Numbers and Identical \u2018Rolex Geneve\u2019 \u20183235\u2019 etc, Gold Engraved Markings on all small movement parts<br \/>\n- Bobinado: Automatismo bidireccional mediante rotor perpetuo<br \/>\n- Oscilador: Anti Magnetic BLUE Parachrom Hairspring, exactamente igual que el Original<br \/>\n- Suave movimiento de barrido de la aguja de los segundos, 28.800 VPH (4Hz)<br \/>\n&#8211; Swiss Nano-Oil Lubricated, So our Movements Do Not Have \u2018Rattling Noise\u2019 coming from inside the movement like all other cheap Rolex replica watches<br \/>\n- Todas las piezas son intercambiables con el original<\/td>\n<\/tr>\n<tr>\n<td style=\"white-space: nowrap; padding-right: 3px; padding-left: 3px;\" valign=\"top\"><strong>FUNCIONES<\/strong><\/td>\n<td valign=\"top\">- 3 Grandes Manecillas Centrales: Son las manecillas de las horas, los minutos y los segundos<br \/>\n- Fecha instant\u00e1nea con ajuste r\u00e1pido<br \/>\n- Parada-segundos para un ajuste preciso de la hora<\/td>\n<\/tr>\n<tr>\n<td style=\"white-space: nowrap; padding-right: 3px; padding-left: 3px;\" valign=\"top\"><strong>CASO<\/strong><\/td>\n<td valign=\"top\">- Caja Oyster de 41 mm<br \/>\n&#8211; Solid 904L Stainless Steel Monobloc Construction. 904 L Grade of Steel is the same steel used by Rolex in their \u2018Oystersteel\u2019 stainless steel watches and it is rust proof<br \/>\n- Fondo de caja atornillado y corona de cuerda<br \/>\n- ROLEX ROLEX Grabado l\u00e1ser en anillo Rehaut con alineaci\u00f3n correcta<br \/>\n- Las dimensiones y el peso son exactamente 1:1 id\u00e9nticos a los del original<\/td>\n<\/tr>\n<tr>\n<td style=\"white-space: nowrap; padding-right: 3px; padding-left: 3px;\" valign=\"top\"><strong>MARCAR<\/strong><\/td>\n<td valign=\"top\">&#8211; Blue Dial<br \/>\n- Marcadores horarios y agujas recubiertos de brillante luminiscencia azul Superluminova <span class=\"st\">Fosforescente<\/span> Lume que brilla hasta 4 \u00f3 6 horas por la noche con una luminosidad uniforme en toda su extensi\u00f3n<br \/>\n- Tama\u00f1o de letra exacto 1:1 correcto y pantalla Chromalight de gran legibilidad<\/td>\n<\/tr>\n<tr>\n<td style=\"white-space: nowrap; padding-right: 3px; padding-left: 3px;\" valign=\"top\"><strong>BEZEL<\/strong><\/td>\n<td valign=\"top\">- Dise\u00f1o acanalado<br \/>\n&#8211; 904 L Stainless Steel Bezel<\/td>\n<\/tr>\n<tr>\n<td style=\"white-space: nowrap; padding-right: 3px; padding-left: 3px;\" valign=\"top\"><strong>PULSERA<\/strong><\/td>\n<td valign=\"top\">&#8211; Jubilee Bracelet, five-piece links<br \/>\n&#8211; Made with Solid 904L Grade Stainless Steel with DLC scratch-protection coating<br \/>\n- S\u00f3lidos tornillos roscados, para que pueda retirar f\u00e1cilmente los eslabones de la pulsera con un peque\u00f1o destornillador<br \/>\n- Cierre Oyster plegable con eslab\u00f3n de extensi\u00f3n Easylink 5 mm confort, exactamente como el Original<\/td>\n<\/tr>\n<tr>\n<td style=\"white-space: nowrap; padding-right: 3px; padding-left: 3px;\" valign=\"top\"><strong>CRISTAL<\/strong><\/td>\n<td valign=\"top\">- Zafiro resistente a los ara\u00f1azos<br \/>\n- Peque\u00f1o logotipo de la corona Rolex grabado con l\u00e1ser a las 6 o\uff0aclock<\/td>\n<\/tr>\n<tr>\n<td style=\"white-space: nowrap; padding-right: 3px; padding-left: 3px;\" valign=\"top\"><strong>PRECISI\u00d3N<\/strong><\/td>\n<td valign=\"top\">- (-3\/+3 seg\/d\u00eda)<br \/>\n- Dentro de los l\u00edmites de la certificaci\u00f3n COSC<\/td>\n<\/tr>\n<tr>\n<td style=\"padding-right: 3px; padding-left: 3px;\" valign=\"top\"><strong>RESERVA DE ENERG\u00cdA<\/strong><\/td>\n<td valign=\"top\">- Aproximadamente de 36 a 48 horas<\/td>\n<\/tr>\n<tr>\n<td style=\"padding-right: 3px; padding-left: 3px;\" valign=\"top\"><strong>RESISTENCIA AL AGUA<\/strong><\/td>\n<td valign=\"top\">- Sellado en f\u00e1brica con junta t\u00f3rica de caucho y comprobado individualmente a prueba de agua<br \/>\n- Atornillado, sistema de doble estanqueidad de la corona Twinlock<\/td>\n<\/tr>\n<tr>\n<td style=\"white-space: nowrap; padding-right: 3px; padding-left: 3px;\" valign=\"top\"><strong>GARANT\u00cdA<\/strong><\/td>\n<td valign=\"top\">- Todos nuestros relojes Rolex Super Clone tienen una garant\u00eda completa de 2 a\u00f1os<br \/>\n- Nuestros relojes Rolex Super Clone est\u00e1n grabados con precisi\u00f3n con los n\u00fameros de serie correctos y se pueden cotejar<\/td>\n<\/tr>\n<\/tbody>\n<\/table>","protected":false},"excerpt":{"rendered":"<p>Description Please Note: This is the Highest Quality Swiss Replica having \u2018Exact 1:1 Calibre Super Clone Movement\u2019 and it has<\/p>","protected":false},"featured_media":2875,"template":"","meta":[],"product_cat":[53,61],"product_tag":[],"class_list":{"0":"post-2800","1":"product","2":"type-product","3":"status-publish","4":"has-post-thumbnail","6":"product_cat-datejust-41mm","7":"product_cat-rolex-bestsellers","9":"first","10":"instock","11":"sale","12":"shipping-taxable","13":"purchasable","14":"product-type-variable"},"_links":{"self":[{"href":"https:\/\/rolexcopy.shop\/es\/wp-json\/wp\/v2\/product\/2800","targetHints":{"allow":["GET"]}}],"collection":[{"href":"https:\/\/rolexcopy.shop\/es\/wp-json\/wp\/v2\/product"}],"about":[{"href":"https:\/\/rolexcopy.shop\/es\/wp-json\/wp\/v2\/types\/product"}],"version-history":[{"count":5,"href":"https:\/\/rolexcopy.shop\/es\/wp-json\/wp\/v2\/product\/2800\/revisions"}],"predecessor-version":[{"id":14208,"href":"https:\/\/rolexcopy.shop\/es\/wp-json\/wp\/v2\/product\/2800\/revisions\/14208"}],"wp:featuredmedia":[{"embeddable":true,"href":"https:\/\/rolexcopy.shop\/es\/wp-json\/wp\/v2\/media\/2875"}],"wp:attachment":[{"href":"https:\/\/rolexcopy.shop\/es\/wp-json\/wp\/v2\/media?parent=2800"}],"wp:term":[{"taxonomy":"product_cat","embeddable":true,"href":"https:\/\/rolexcopy.shop\/es\/wp-json\/wp\/v2\/product_cat?post=2800"},{"taxonomy":"product_tag","embeddable":true,"href":"https:\/\/rolexcopy.shop\/es\/wp-json\/wp\/v2\/product_tag?post=2800"}],"curies":[{"name":"wp","href":"https:\/\/api.w.org\/{rel}","templated":true}]}}