{"id":2731,"date":"2024-07-03T06:49:31","date_gmt":"2024-07-03T06:49:31","guid":{"rendered":"https:\/\/adwhtch.shop\/?post_type=product&#038;p=2731"},"modified":"2024-09-07T13:08:17","modified_gmt":"2024-09-07T05:08:17","slug":"rolex-datejust-41mm-super-clone-swiss-replica-watch-two-tone-yellow-gold-steel-oyster-bracelet-wimbledon-dial-ref-126333-3235-swiss-movement","status":"publish","type":"product","link":"https:\/\/rolexcopy.shop\/es\/producto\/rolex-datejust-41mm-super-clone-swiss-replica-watch-two-tone-yellow-gold-steel-oyster-bracelet-wimbledon-dial-ref-126333-3235-swiss-movement\/","title":{"rendered":"Rolex Datejust 41mm Super Clone R\u00e9plica de reloj suizo | Oro amarillo bicolor \/ Pulsera Oyster de acero | Esfera Wimbledon Ref 126333 | Movimiento suizo 3235"},"content":{"rendered":"<h5 class=\"uppercase mt\">Descripci\u00f3n<\/h5>\n<table class=\"product-specs\" style=\"width: 100%;\" border=\"2px\">\n<tbody>\n<tr>\n<th style=\"text-align: center;\" colspan=\"2\"><strong>Por favor tenga en cuenta: Esta es la R\u00e9plica Suiza de la M\u00e1s Alta Calidad que tiene 'Calibre Exacto 1:1 Movimiento Super Clon' y tiene 'Todas las Funciones de Trabajo', igual que el Original. No hay mejor calidad que esta en el mundo - Tenga la seguridad. Gracias.<\/strong><\/th>\n<\/tr>\n<tr>\n<th style=\"text-align: center;\" colspan=\"2\">'TODAS LAS FOTOS DE PRODUCTOS ANTERIORES SON FOTOS REALES DE NUESTROS RELOJES HECHAS POR NOSOTROS'<\/th>\n<\/tr>\n<tr>\n<td style=\"padding-right: 3px; padding-left: 3px;\" valign=\"top\"><strong>N\u00ba de referencia<\/strong><\/td>\n<td valign=\"top\">126333<\/td>\n<\/tr>\n<tr>\n<td style=\"white-space: nowrap; padding-right: 3px; padding-left: 3px;\" valign=\"top\"><strong>MOVIMIENTO<\/strong><\/td>\n<td valign=\"top\">- Movimiento autom\u00e1tico suizo Rolex Calibre 3235 Super Clone exacto 1:1<br \/>- N\u00fameros de serie correctos e id\u00e9nticos 'Rolex Geneve' '3235' etc, Marcas grabadas en oro en todas las piezas peque\u00f1as del movimiento<br \/>- Bobinado: Automatismo bidireccional mediante rotor perpetuo<br \/>- Oscilador: Anti Magnetic BLUE Parachrom Hairspring, exactamente igual que el Original<br \/>- Suave movimiento de barrido de la aguja de los segundos, 28.800 VPH (4Hz)<br \/>- Nano-aceite suizo lubricado, por lo que nuestros movimientos no tienen \"ruido de traqueteo\" procedente del interior del movimiento como todas las dem\u00e1s r\u00e9plicas de relojes Rolex baratas<br \/>- Todas las piezas son intercambiables con el original<\/td>\n<\/tr>\n<tr>\n<td style=\"white-space: nowrap; padding-right: 3px; padding-left: 3px;\" valign=\"top\"><strong>FUNCIONES<\/strong><\/td>\n<td valign=\"top\">- 3 Grandes Manecillas Centrales: Son las manecillas de las horas, los minutos y los segundos<br \/>- Fecha instant\u00e1nea con ajuste r\u00e1pido<br \/>- Parada-segundos para un ajuste preciso de la hora<\/td>\n<\/tr>\n<tr>\n<td style=\"white-space: nowrap; padding-right: 3px; padding-left: 3px;\" valign=\"top\"><strong>CASO<\/strong><\/td>\n<td valign=\"top\">- Caja Oyster de 41 mm<br \/>&#8211; Solid 904L Stainless Steel Monobloc Construction. 904L Grade of Steel is the same steel used by Rolex in their &#8216;Oystersteel&#8217; stainless steel watches and it is rust proof<br \/>- Fondo de caja atornillado y corona de cuerda<br \/>- ROLEX ROLEX Grabado l\u00e1ser en anillo Rehaut con alineaci\u00f3n correcta<br \/>- Las dimensiones y el peso son exactamente 1:1 id\u00e9nticos a los del original<\/td>\n<\/tr>\n<tr>\n<td style=\"white-space: nowrap; padding-right: 3px; padding-left: 3px;\" valign=\"top\"><strong>MARCAR<\/strong><\/td>\n<td valign=\"top\">&#8211; Wimbledon Slate Grey Dial with Roman Number Markers<br \/>&#8211; 9 o&#8217;clock Hour Marker and Hands coated with Bright Superluminova Blue Luminescence <span class=\"st\">Fosforescente<\/span> Lume que brilla hasta 4 \u00f3 6 horas por la noche con una luminosidad uniforme en toda su extensi\u00f3n<br \/>- Tama\u00f1o de letra exacto 1:1 correcto y pantalla Chromalight de gran legibilidad<\/td>\n<\/tr>\n<tr>\n<td style=\"white-space: nowrap; padding-right: 3px; padding-left: 3px;\" valign=\"top\"><strong>BEZEL<\/strong><\/td>\n<td valign=\"top\">- Dise\u00f1o acanalado<br \/>- Bisel chapado en oro amarillo de 18 quilates de 5 capas<\/td>\n<\/tr>\n<tr>\n<td style=\"white-space: nowrap; padding-right: 3px; padding-left: 3px;\" valign=\"top\"><strong>PULSERA<\/strong><\/td>\n<td valign=\"top\">&#8211; Two Tone Oyster Bracelet, three-piece flat links<br \/>&#8211; Made with Solid 904L Grade Stainless Steel with DLC scratch-protection coating and 18k Yellow Gold plating on the middle links<br \/>- S\u00f3lidos tornillos roscados, para que pueda retirar f\u00e1cilmente los eslabones de la pulsera con un peque\u00f1o destornillador<br \/>- Cierre Oyster plegable con eslab\u00f3n de extensi\u00f3n Easylink 5 mm confort, exactamente como el Original<\/td>\n<\/tr>\n<tr>\n<td style=\"white-space: nowrap; padding-right: 3px; padding-left: 3px;\" valign=\"top\"><strong>CRISTAL<\/strong><\/td>\n<td valign=\"top\">- Zafiro resistente a los ara\u00f1azos<br \/>- Peque\u00f1o logotipo de la corona Rolex grabado con l\u00e1ser a las 6 o\uff0aclock<\/td>\n<\/tr>\n<tr>\n<td style=\"white-space: nowrap; padding-right: 3px; padding-left: 3px;\" valign=\"top\"><strong>PRECISI\u00d3N<\/strong><\/td>\n<td valign=\"top\">- (-3\/+3 seg\/d\u00eda)<br \/>- Dentro de los l\u00edmites de la certificaci\u00f3n COSC<\/td>\n<\/tr>\n<tr>\n<td style=\"padding-right: 3px; padding-left: 3px;\" valign=\"top\"><strong>RESERVA DE ENERG\u00cdA<\/strong><\/td>\n<td valign=\"top\">- Aproximadamente de 36 a 48 horas<\/td>\n<\/tr>\n<tr>\n<td style=\"padding-right: 3px; padding-left: 3px;\" valign=\"top\"><strong>RESISTENCIA AL AGUA<\/strong><\/td>\n<td valign=\"top\">- Sellado en f\u00e1brica con junta t\u00f3rica de caucho y comprobado individualmente a prueba de agua<br \/>- Atornillado, sistema de doble estanqueidad de la corona Twinlock<\/td>\n<\/tr>\n<tr>\n<td style=\"white-space: nowrap; padding-right: 3px; padding-left: 3px;\" valign=\"top\"><strong>GARANT\u00cdA<\/strong><\/td>\n<td valign=\"top\">- Todos nuestros relojes Rolex Super Clone tienen una garant\u00eda completa de 2 a\u00f1os<br \/>- Nuestros relojes Rolex Super Clone est\u00e1n grabados con precisi\u00f3n con los n\u00fameros de serie correctos y se pueden cotejar<\/td>\n<\/tr>\n<\/tbody>\n<\/table>","protected":false},"excerpt":{"rendered":"<p>Description Please Note: This is the Highest Quality Swiss Replica having &#8216;Exact 1:1 Calibre Super Clone Movement&#8217; and it has<\/p>","protected":false},"featured_media":2788,"template":"","meta":[],"product_cat":[53,61],"product_tag":[],"class_list":{"0":"post-2731","1":"product","2":"type-product","3":"status-publish","4":"has-post-thumbnail","6":"product_cat-datejust-41mm","7":"product_cat-rolex-bestsellers","9":"first","10":"instock","11":"sale","12":"shipping-taxable","13":"purchasable","14":"product-type-variable"},"_links":{"self":[{"href":"https:\/\/rolexcopy.shop\/es\/wp-json\/wp\/v2\/product\/2731","targetHints":{"allow":["GET"]}}],"collection":[{"href":"https:\/\/rolexcopy.shop\/es\/wp-json\/wp\/v2\/product"}],"about":[{"href":"https:\/\/rolexcopy.shop\/es\/wp-json\/wp\/v2\/types\/product"}],"version-history":[{"count":2,"href":"https:\/\/rolexcopy.shop\/es\/wp-json\/wp\/v2\/product\/2731\/revisions"}],"predecessor-version":[{"id":4229,"href":"https:\/\/rolexcopy.shop\/es\/wp-json\/wp\/v2\/product\/2731\/revisions\/4229"}],"wp:featuredmedia":[{"embeddable":true,"href":"https:\/\/rolexcopy.shop\/es\/wp-json\/wp\/v2\/media\/2788"}],"wp:attachment":[{"href":"https:\/\/rolexcopy.shop\/es\/wp-json\/wp\/v2\/media?parent=2731"}],"wp:term":[{"taxonomy":"product_cat","embeddable":true,"href":"https:\/\/rolexcopy.shop\/es\/wp-json\/wp\/v2\/product_cat?post=2731"},{"taxonomy":"product_tag","embeddable":true,"href":"https:\/\/rolexcopy.shop\/es\/wp-json\/wp\/v2\/product_tag?post=2731"}],"curies":[{"name":"wp","href":"https:\/\/api.w.org\/{rel}","templated":true}]}}